{"id":4751,"date":"2023-05-15T08:30:45","date_gmt":"2023-05-15T08:30:45","guid":{"rendered":"https:\/\/www.sitrett.com\/?page_id=4751"},"modified":"2023-06-22T06:58:56","modified_gmt":"2023-06-22T06:58:56","slug":"our-overseas-dealers","status":"publish","type":"page","link":"https:\/\/www.sitrett.com\/en\/our-overseas-dealers\/","title":{"rendered":"Our Overseas Dealers"},"content":{"rendered":"<p><span style=\"color: #333333;\">Yurtd\u0131\u015f\u0131 Bayilerimizin listesi:<\/span><\/p>\n","protected":false},"excerpt":{"rendered":"<p>Yurtd\u0131\u015f\u0131 Bayilerimizin listesi:<\/p>\n","protected":false},"author":1,"featured_media":0,"parent":0,"menu_order":0,"comment_status":"closed","ping_status":"closed","template":"","meta":{"footnotes":""},"class_list":["post-4751","page","type-page","status-publish","hentry"],"yoast_head":"<!-- This site is optimized with the Yoast SEO plugin v20.13 - https:\/\/yoast.com\/wordpress\/plugins\/seo\/ -->\n<title>Our Overseas Dealers - S\u0130TRETT MX EN<\/title>\n<meta name=\"robots\" content=\"index, follow, max-snippet:-1, max-image-preview:large, max-video-preview:-1\" \/>\n<link rel=\"canonical\" href=\"https:\/\/www.sitrett.com\/en\/our-overseas-dealers\/\" \/>\n<meta property=\"og:locale\" content=\"tr_TR\" \/>\n<meta property=\"og:type\" content=\"article\" \/>\n<meta property=\"og:title\" content=\"Our Overseas Dealers - S\u0130TRETT MX EN\" \/>\n<meta property=\"og:description\" content=\"Yurtd\u0131\u015f\u0131 Bayilerimizin listesi:\" \/>\n<meta property=\"og:url\" content=\"https:\/\/www.sitrett.com\/en\/our-overseas-dealers\/\" \/>\n<meta property=\"og:site_name\" content=\"S\u0130TRETT MX EN\" \/>\n<meta property=\"article:modified_time\" content=\"2023-06-22T06:58:56+00:00\" \/>\n<meta name=\"twitter:card\" content=\"summary_large_image\" \/>\n<script type=\"application\/ld+json\" class=\"yoast-schema-graph\">{\"@context\":\"https:\/\/schema.org\",\"@graph\":[{\"@type\":\"WebPage\",\"@id\":\"https:\/\/www.sitrett.com\/en\/our-overseas-dealers\/\",\"url\":\"https:\/\/www.sitrett.com\/en\/our-overseas-dealers\/\",\"name\":\"Our Overseas Dealers - S\u0130TRETT MX EN\",\"isPartOf\":{\"@id\":\"https:\/\/www.sitrett.com\/en\/#website\"},\"datePublished\":\"2023-05-15T08:30:45+00:00\",\"dateModified\":\"2023-06-22T06:58:56+00:00\",\"breadcrumb\":{\"@id\":\"https:\/\/www.sitrett.com\/en\/our-overseas-dealers\/#breadcrumb\"},\"inLanguage\":\"tr\",\"potentialAction\":[{\"@type\":\"ReadAction\",\"target\":[\"https:\/\/www.sitrett.com\/en\/our-overseas-dealers\/\"]}]},{\"@type\":\"BreadcrumbList\",\"@id\":\"https:\/\/www.sitrett.com\/en\/our-overseas-dealers\/#breadcrumb\",\"itemListElement\":[{\"@type\":\"ListItem\",\"position\":1,\"name\":\"Anasayfa\",\"item\":\"https:\/\/www.sitrett.com\/en\/\"},{\"@type\":\"ListItem\",\"position\":2,\"name\":\"Our Overseas Dealers\"}]},{\"@type\":\"WebSite\",\"@id\":\"https:\/\/www.sitrett.com\/en\/#website\",\"url\":\"https:\/\/www.sitrett.com\/en\/\",\"name\":\"S\u0130TRETT MX EN\",\"description\":\"\",\"publisher\":{\"@id\":\"https:\/\/www.sitrett.com\/en\/#organization\"},\"potentialAction\":[{\"@type\":\"SearchAction\",\"target\":{\"@type\":\"EntryPoint\",\"urlTemplate\":\"https:\/\/www.sitrett.com\/en\/?s={search_term_string}\"},\"query-input\":\"required name=search_term_string\"}],\"inLanguage\":\"tr\"},{\"@type\":\"Organization\",\"@id\":\"https:\/\/www.sitrett.com\/en\/#organization\",\"name\":\"S\u0130TRETT MX EN\",\"url\":\"https:\/\/www.sitrett.com\/en\/\",\"logo\":{\"@type\":\"ImageObject\",\"inLanguage\":\"tr\",\"@id\":\"https:\/\/www.sitrett.com\/en\/#\/schema\/logo\/image\/\",\"url\":\"https:\/\/www.sitrett.com\/en\/wp-content\/uploads\/2018\/07\/sitrett-logo5.png\",\"contentUrl\":\"https:\/\/www.sitrett.com\/en\/wp-content\/uploads\/2018\/07\/sitrett-logo5.png\",\"width\":506,\"height\":237,\"caption\":\"S\u0130TRETT MX EN\"},\"image\":{\"@id\":\"https:\/\/www.sitrett.com\/en\/#\/schema\/logo\/image\/\"}}]}<\/script>\n<!-- \/ Yoast SEO plugin. -->","yoast_head_json":{"title":"Our Overseas Dealers - S\u0130TRETT MX EN","robots":{"index":"index","follow":"follow","max-snippet":"max-snippet:-1","max-image-preview":"max-image-preview:large","max-video-preview":"max-video-preview:-1"},"canonical":"https:\/\/www.sitrett.com\/en\/our-overseas-dealers\/","og_locale":"tr_TR","og_type":"article","og_title":"Our Overseas Dealers - S\u0130TRETT MX EN","og_description":"Yurtd\u0131\u015f\u0131 Bayilerimizin listesi:","og_url":"https:\/\/www.sitrett.com\/en\/our-overseas-dealers\/","og_site_name":"S\u0130TRETT MX EN","article_modified_time":"2023-06-22T06:58:56+00:00","twitter_card":"summary_large_image","schema":{"@context":"https:\/\/schema.org","@graph":[{"@type":"WebPage","@id":"https:\/\/www.sitrett.com\/en\/our-overseas-dealers\/","url":"https:\/\/www.sitrett.com\/en\/our-overseas-dealers\/","name":"Our Overseas Dealers - S\u0130TRETT MX EN","isPartOf":{"@id":"https:\/\/www.sitrett.com\/en\/#website"},"datePublished":"2023-05-15T08:30:45+00:00","dateModified":"2023-06-22T06:58:56+00:00","breadcrumb":{"@id":"https:\/\/www.sitrett.com\/en\/our-overseas-dealers\/#breadcrumb"},"inLanguage":"tr","potentialAction":[{"@type":"ReadAction","target":["https:\/\/www.sitrett.com\/en\/our-overseas-dealers\/"]}]},{"@type":"BreadcrumbList","@id":"https:\/\/www.sitrett.com\/en\/our-overseas-dealers\/#breadcrumb","itemListElement":[{"@type":"ListItem","position":1,"name":"Anasayfa","item":"https:\/\/www.sitrett.com\/en\/"},{"@type":"ListItem","position":2,"name":"Our Overseas Dealers"}]},{"@type":"WebSite","@id":"https:\/\/www.sitrett.com\/en\/#website","url":"https:\/\/www.sitrett.com\/en\/","name":"S\u0130TRETT MX EN","description":"","publisher":{"@id":"https:\/\/www.sitrett.com\/en\/#organization"},"potentialAction":[{"@type":"SearchAction","target":{"@type":"EntryPoint","urlTemplate":"https:\/\/www.sitrett.com\/en\/?s={search_term_string}"},"query-input":"required name=search_term_string"}],"inLanguage":"tr"},{"@type":"Organization","@id":"https:\/\/www.sitrett.com\/en\/#organization","name":"S\u0130TRETT MX EN","url":"https:\/\/www.sitrett.com\/en\/","logo":{"@type":"ImageObject","inLanguage":"tr","@id":"https:\/\/www.sitrett.com\/en\/#\/schema\/logo\/image\/","url":"https:\/\/www.sitrett.com\/en\/wp-content\/uploads\/2018\/07\/sitrett-logo5.png","contentUrl":"https:\/\/www.sitrett.com\/en\/wp-content\/uploads\/2018\/07\/sitrett-logo5.png","width":506,"height":237,"caption":"S\u0130TRETT MX EN"},"image":{"@id":"https:\/\/www.sitrett.com\/en\/#\/schema\/logo\/image\/"}}]}},"_links":{"self":[{"href":"https:\/\/www.sitrett.com\/en\/wp-json\/wp\/v2\/pages\/4751","targetHints":{"allow":["GET"]}}],"collection":[{"href":"https:\/\/www.sitrett.com\/en\/wp-json\/wp\/v2\/pages"}],"about":[{"href":"https:\/\/www.sitrett.com\/en\/wp-json\/wp\/v2\/types\/page"}],"author":[{"embeddable":true,"href":"https:\/\/www.sitrett.com\/en\/wp-json\/wp\/v2\/users\/1"}],"replies":[{"embeddable":true,"href":"https:\/\/www.sitrett.com\/en\/wp-json\/wp\/v2\/comments?post=4751"}],"version-history":[{"count":12,"href":"https:\/\/www.sitrett.com\/en\/wp-json\/wp\/v2\/pages\/4751\/revisions"}],"predecessor-version":[{"id":12377,"href":"https:\/\/www.sitrett.com\/en\/wp-json\/wp\/v2\/pages\/4751\/revisions\/12377"}],"wp:attachment":[{"href":"https:\/\/www.sitrett.com\/en\/wp-json\/wp\/v2\/media?parent=4751"}],"curies":[{"name":"wp","href":"https:\/\/api.w.org\/{rel}","templated":true}]}}