{"id":5992,"date":"2023-05-18T09:17:07","date_gmt":"2023-05-18T09:17:07","guid":{"rendered":"https:\/\/www.sitrett.com\/?page_id=5992"},"modified":"2023-07-26T07:40:44","modified_gmt":"2023-07-26T07:40:44","slug":"multipurpose-cleaning-products","status":"publish","type":"page","link":"https:\/\/www.sitrett.com\/en\/multipurpose-cleaning-products\/","title":{"rendered":"Multipurpose Cleaning Products"},"content":{"rendered":"\t\t<div data-elementor-type=\"wp-page\" data-elementor-id=\"5992\" class=\"elementor elementor-5992\">\n\t\t\t\t\t\t\t\t\t<section class=\"has_ma_el_bg_slider elementor-section elementor-top-section elementor-element elementor-element-5d98dbf elementor-section-full_width elementor-section-height-default elementor-section-height-default jltma-glass-effect-no wpr-particle-no wpr-jarallax-no wpr-parallax-no wpr-sticky-section-no\" data-id=\"5d98dbf\" data-element_type=\"section\">\n\t\t\t\t\t\t<div class=\"elementor-container elementor-column-gap-default\">\n\t\t\t\t\t<div class=\"has_ma_el_bg_slider elementor-column elementor-col-100 elementor-top-column elementor-element elementor-element-4ef838c jltma-glass-effect-no\" data-id=\"4ef838c\" data-element_type=\"column\">\n\t\t\t<div class=\"elementor-widget-wrap elementor-element-populated\">\n\t\t\t\t\t\t\t\t<div class=\"elementor-element elementor-element-2a48dfe jltma-glass-effect-no elementor-widget elementor-widget-heading\" data-id=\"2a48dfe\" data-element_type=\"widget\" data-widget_type=\"heading.default\">\n\t\t\t\t<div class=\"elementor-widget-container\">\n\t\t\t<style>\/*! elementor - v3.15.0 - 09-08-2023 *\/\n.elementor-heading-title{padding:0;margin:0;line-height:1}.elementor-widget-heading .elementor-heading-title[class*=elementor-size-]>a{color:inherit;font-size:inherit;line-height:inherit}.elementor-widget-heading .elementor-heading-title.elementor-size-small{font-size:15px}.elementor-widget-heading .elementor-heading-title.elementor-size-medium{font-size:19px}.elementor-widget-heading .elementor-heading-title.elementor-size-large{font-size:29px}.elementor-widget-heading .elementor-heading-title.elementor-size-xl{font-size:39px}.elementor-widget-heading .elementor-heading-title.elementor-size-xxl{font-size:59px}<\/style><h1 class=\"elementor-heading-title elementor-size-default\">MULTIPURPOSE CLEANING PRODUCT<\/h1>\t\t<\/div>\n\t\t\t\t<\/div>\n\t\t\t\t<section class=\"has_ma_el_bg_slider elementor-section elementor-inner-section elementor-element elementor-element-91cb6ef elementor-section-boxed elementor-section-height-default elementor-section-height-default jltma-glass-effect-no wpr-particle-no wpr-jarallax-no wpr-parallax-no wpr-sticky-section-no\" data-id=\"91cb6ef\" data-element_type=\"section\">\n\t\t\t\t\t\t<div class=\"elementor-container elementor-column-gap-default\">\n\t\t\t\t\t<div class=\"has_ma_el_bg_slider elementor-column elementor-col-33 elementor-inner-column elementor-element elementor-element-0c47ecb jltma-glass-effect-no\" data-id=\"0c47ecb\" data-element_type=\"column\">\n\t\t\t<div class=\"elementor-widget-wrap elementor-element-populated\">\n\t\t\t\t\t\t\t\t<div class=\"elementor-element elementor-element-3c76bcc wpr-promo-box-style-cover jltma-glass-effect-no elementor-widget elementor-widget-wpr-promo-box\" data-id=\"3c76bcc\" data-element_type=\"widget\" data-widget_type=\"wpr-promo-box.default\">\n\t\t\t\t<div class=\"elementor-widget-container\">\n\t\t\t\n\t\t<div class=\"wpr-promo-box wpr-animation-wrap\">\n\n\t\t\t\t\t\t<a class=\"wpr-promo-box-link\" href=\"https:\/\/www.sitrett.com\/en\/industrial-multi-purpose-cleaner\/\"><\/a>\t\n\t\t\t\t\t\t\t\n\t\t\t\t\t\t\t<div class=\"wpr-promo-box-image\">\n\t\t\t\t\t<div class=\"wpr-promo-box-bg-image wpr-bg-anim-zoom-in wpr-anim-timing-ease-default\" style=\"background-image:url(https:\/\/www.sitrett.com\/en\/wp-content\/uploads\/2023\/06\/cok-amacli-temizleyici-kategori-550x550.jpg);\"><\/div>\n\t\t\t\t\t<div class=\"wpr-promo-box-bg-overlay wpr-border-anim-oscar\"><\/div>\n\t\t\t\t<\/div>\n\t\t\t\t\t\t\n\t\t\t<div class=\"wpr-promo-box-content\">\n\n\t\t\t\t\t\t\t\t<div class=\"wpr-promo-box-icon\">\n\t\t\t\t\t\t\t\t\t<\/div>\n\t\t\t\t\n\t\t\t\t\n\t\t\t\t\n\t\t\t\t\t\t\t<\/div>\n\n\t\t\t\t\t<\/div>\n\n\t\t\t\t<\/div>\n\t\t\t\t<\/div>\n\t\t\t\t<div class=\"elementor-element elementor-element-b125c8f jltma-glass-effect-no elementor-widget elementor-widget-icon-box\" data-id=\"b125c8f\" data-element_type=\"widget\" data-widget_type=\"icon-box.default\">\n\t\t\t\t<div class=\"elementor-widget-container\">\n\t\t\t<link rel=\"stylesheet\" href=\"https:\/\/www.sitrett.com\/en\/wp-content\/plugins\/elementor\/assets\/css\/widget-icon-box.min.css\">\t\t<div class=\"elementor-icon-box-wrapper\">\n\t\t\t\t\t\t<div class=\"elementor-icon-box-content\">\n\t\t\t\t<h2 class=\"elementor-icon-box-title\">\n\t\t\t\t\t<span  >\n\t\t\t\t\t\tMultipurpose Cleaner Industrial\t\t\t\t\t<\/span>\n\t\t\t\t<\/h2>\n\t\t\t\t\t\t\t<\/div>\n\t\t<\/div>\n\t\t\t\t<\/div>\n\t\t\t\t<\/div>\n\t\t\t\t<div class=\"elementor-element elementor-element-fc1947e jltma-glass-effect-no elementor-widget elementor-widget-ma-creative-buttons\" data-id=\"fc1947e\" data-element_type=\"widget\" data-widget_type=\"ma-creative-buttons.default\">\n\t\t\t\t<div class=\"elementor-widget-container\">\n\t\t\t\n\t\t<div class=\"jltma-creative-button-wrapper\">\n\t\t\t<a class=\"jltma-button jltma-creative-button jltma-creative-button--tamaya\" href=\"https:\/\/www.sitrett.com\/en\/industrial-multi-purpose-cleaner\/\" data-text=\"View Product Details\">\n\t\t\t\t<span>\n\t\t\t\t\t<i aria-hidden=\"true\" class=\"jltma-creative-button-icon-left fas fa-external-link-alt\"><\/i>View Product Details\t\t\t\t<\/span>\n\t\t\t<\/a>\n\t\t<\/div>\n\n\t\t<\/div>\n\t\t\t\t<\/div>\n\t\t\t\t\t<\/div>\n\t\t<\/div>\n\t\t\t\t<div class=\"has_ma_el_bg_slider elementor-column elementor-col-33 elementor-inner-column elementor-element elementor-element-c67151b jltma-glass-effect-no\" data-id=\"c67151b\" data-element_type=\"column\">\n\t\t\t<div class=\"elementor-widget-wrap elementor-element-populated\">\n\t\t\t\t\t\t\t\t<div class=\"elementor-element elementor-element-857fd80 wpr-promo-box-style-cover jltma-glass-effect-no elementor-widget elementor-widget-wpr-promo-box\" data-id=\"857fd80\" data-element_type=\"widget\" data-widget_type=\"wpr-promo-box.default\">\n\t\t\t\t<div class=\"elementor-widget-container\">\n\t\t\t\n\t\t<div class=\"wpr-promo-box wpr-animation-wrap\">\n\n\t\t\t\t\t\t<a class=\"wpr-promo-box-link\" href=\"https:\/\/www.sitrett.com\/en\/premium-multi-purpose-cleaner\/\"><\/a>\t\n\t\t\t\t\t\t\t\n\t\t\t\t\t\t\t<div class=\"wpr-promo-box-image\">\n\t\t\t\t\t<div class=\"wpr-promo-box-bg-image wpr-bg-anim-zoom-in wpr-anim-timing-ease-default\" style=\"background-image:url(https:\/\/www.sitrett.com\/en\/wp-content\/uploads\/2023\/06\/cok-amacli-temizleyici-kategori-premium.jpg);\"><\/div>\n\t\t\t\t\t<div class=\"wpr-promo-box-bg-overlay wpr-border-anim-oscar\"><\/div>\n\t\t\t\t<\/div>\n\t\t\t\t\t\t\n\t\t\t<div class=\"wpr-promo-box-content\">\n\n\t\t\t\t\t\t\t\t<div class=\"wpr-promo-box-icon\">\n\t\t\t\t\t\t\t\t\t<\/div>\n\t\t\t\t\n\t\t\t\t\n\t\t\t\t\n\t\t\t\t\t\t\t<\/div>\n\n\t\t\t\t\t<\/div>\n\n\t\t\t\t<\/div>\n\t\t\t\t<\/div>\n\t\t\t\t<div class=\"elementor-element elementor-element-e002fd4 jltma-glass-effect-no elementor-widget elementor-widget-icon-box\" data-id=\"e002fd4\" data-element_type=\"widget\" data-widget_type=\"icon-box.default\">\n\t\t\t\t<div class=\"elementor-widget-container\">\n\t\t\t\t\t<div class=\"elementor-icon-box-wrapper\">\n\t\t\t\t\t\t<div class=\"elementor-icon-box-content\">\n\t\t\t\t<h2 class=\"elementor-icon-box-title\">\n\t\t\t\t\t<span  >\n\t\t\t\t\t\tMultipurpose Cleaner Premium\t\t\t\t\t<\/span>\n\t\t\t\t<\/h2>\n\t\t\t\t\t\t\t<\/div>\n\t\t<\/div>\n\t\t\t\t<\/div>\n\t\t\t\t<\/div>\n\t\t\t\t<div class=\"elementor-element elementor-element-09b18cd jltma-glass-effect-no elementor-widget elementor-widget-ma-creative-buttons\" data-id=\"09b18cd\" data-element_type=\"widget\" data-widget_type=\"ma-creative-buttons.default\">\n\t\t\t\t<div class=\"elementor-widget-container\">\n\t\t\t\n\t\t<div class=\"jltma-creative-button-wrapper\">\n\t\t\t<a class=\"jltma-button jltma-creative-button jltma-creative-button--tamaya\" href=\"https:\/\/www.sitrett.com\/en\/premium-multi-purpose-cleaner\/\" data-text=\"View Product Details\">\n\t\t\t\t<span>\n\t\t\t\t\t<i aria-hidden=\"true\" class=\"jltma-creative-button-icon-left fas fa-external-link-alt\"><\/i>View Product Details\t\t\t\t<\/span>\n\t\t\t<\/a>\n\t\t<\/div>\n\n\t\t<\/div>\n\t\t\t\t<\/div>\n\t\t\t\t\t<\/div>\n\t\t<\/div>\n\t\t\t\t<div class=\"has_ma_el_bg_slider elementor-column elementor-col-33 elementor-inner-column elementor-element elementor-element-3fa23e3 jltma-glass-effect-no\" data-id=\"3fa23e3\" data-element_type=\"column\">\n\t\t\t<div class=\"elementor-widget-wrap elementor-element-populated\">\n\t\t\t\t\t\t\t\t<div class=\"elementor-element elementor-element-ddf4d59 wpr-promo-box-style-cover jltma-glass-effect-no elementor-widget elementor-widget-wpr-promo-box\" data-id=\"ddf4d59\" data-element_type=\"widget\" data-widget_type=\"wpr-promo-box.default\">\n\t\t\t\t<div class=\"elementor-widget-container\">\n\t\t\t\n\t\t<div class=\"wpr-promo-box wpr-animation-wrap\">\n\n\t\t\t\t\t\t<a class=\"wpr-promo-box-link\" href=\"https:\/\/www.sitrett.com\/en\/multipurpose-cleaner-pro\/\"><\/a>\t\n\t\t\t\t\t\t\t\n\t\t\t\t\t\t\t<div class=\"wpr-promo-box-image\">\n\t\t\t\t\t<div class=\"wpr-promo-box-bg-image wpr-bg-anim-zoom-in wpr-anim-timing-ease-default\" style=\"background-image:url(https:\/\/www.sitrett.com\/en\/wp-content\/uploads\/2023\/06\/cok-amacli-temizleyici-kategori-pro.jpg);\"><\/div>\n\t\t\t\t\t<div class=\"wpr-promo-box-bg-overlay wpr-border-anim-oscar\"><\/div>\n\t\t\t\t<\/div>\n\t\t\t\t\t\t\n\t\t\t<div class=\"wpr-promo-box-content\">\n\n\t\t\t\t\t\t\t\t<div class=\"wpr-promo-box-icon\">\n\t\t\t\t\t\t\t\t\t<\/div>\n\t\t\t\t\n\t\t\t\t\n\t\t\t\t\n\t\t\t\t\t\t\t<\/div>\n\n\t\t\t\t\t<\/div>\n\n\t\t\t\t<\/div>\n\t\t\t\t<\/div>\n\t\t\t\t<div class=\"elementor-element elementor-element-55016f6 jltma-glass-effect-no elementor-widget elementor-widget-icon-box\" data-id=\"55016f6\" data-element_type=\"widget\" data-widget_type=\"icon-box.default\">\n\t\t\t\t<div class=\"elementor-widget-container\">\n\t\t\t\t\t<div class=\"elementor-icon-box-wrapper\">\n\t\t\t\t\t\t<div class=\"elementor-icon-box-content\">\n\t\t\t\t<h2 class=\"elementor-icon-box-title\">\n\t\t\t\t\t<span  >\n\t\t\t\t\t\tMultipurpose Cleaner Pro\t\t\t\t\t<\/span>\n\t\t\t\t<\/h2>\n\t\t\t\t\t\t\t<\/div>\n\t\t<\/div>\n\t\t\t\t<\/div>\n\t\t\t\t<\/div>\n\t\t\t\t<div class=\"elementor-element elementor-element-94e3483 jltma-glass-effect-no elementor-widget elementor-widget-ma-creative-buttons\" data-id=\"94e3483\" data-element_type=\"widget\" data-widget_type=\"ma-creative-buttons.default\">\n\t\t\t\t<div class=\"elementor-widget-container\">\n\t\t\t\n\t\t<div class=\"jltma-creative-button-wrapper\">\n\t\t\t<a class=\"jltma-button jltma-creative-button jltma-creative-button--tamaya\" href=\"https:\/\/www.sitrett.com\/en\/multipurpose-cleaner-pro\/\" data-text=\"View Product Details\">\n\t\t\t\t<span>\n\t\t\t\t\t<i aria-hidden=\"true\" class=\"jltma-creative-button-icon-left fas fa-external-link-alt\"><\/i>View Product Details\t\t\t\t<\/span>\n\t\t\t<\/a>\n\t\t<\/div>\n\n\t\t<\/div>\n\t\t\t\t<\/div>\n\t\t\t\t\t<\/div>\n\t\t<\/div>\n\t\t\t\t\t\t\t<\/div>\n\t\t<\/section>\n\t\t\t\t\t<\/div>\n\t\t<\/div>\n\t\t\t\t\t\t\t<\/div>\n\t\t<\/section>\n\t\t\t\t\t\t\t<\/div>\n\t\t","protected":false},"excerpt":{"rendered":"<p>MULTIPURPOSE CLEANING PRODUCT Multipurpose Cleaner Industrial View Product Details Multipurpose Cleaner Premium View Product Details Multipurpose Cleaner Pro View Product Details<\/p>\n","protected":false},"author":1,"featured_media":0,"parent":0,"menu_order":0,"comment_status":"closed","ping_status":"closed","template":"elementor_header_footer","meta":{"footnotes":""},"class_list":["post-5992","page","type-page","status-publish","hentry"],"yoast_head":"<!-- This site is optimized with the Yoast SEO plugin v20.13 - https:\/\/yoast.com\/wordpress\/plugins\/seo\/ -->\n<title>Multipurpose Cleaning Products - S\u0130TRETT MX EN<\/title>\n<meta name=\"description\" content=\"\u00c7ok Ama\u00e7l\u0131 Temizlik \u00dcr\u00fcnleri hemen her alanda kullan\u0131lmaktad\u0131r. \u00dcr\u00fcnleri incelemek ve kar\u015f\u0131la\u015ft\u0131rmak i\u00e7in t\u0131klay\u0131n.\" \/>\n<meta name=\"robots\" content=\"index, follow, max-snippet:-1, max-image-preview:large, max-video-preview:-1\" \/>\n<link rel=\"canonical\" href=\"https:\/\/www.sitrett.com\/en\/multipurpose-cleaning-products\/\" \/>\n<meta property=\"og:locale\" content=\"tr_TR\" \/>\n<meta property=\"og:type\" content=\"article\" \/>\n<meta property=\"og:title\" content=\"Multipurpose Cleaning Products - S\u0130TRETT MX EN\" \/>\n<meta property=\"og:description\" content=\"\u00c7ok Ama\u00e7l\u0131 Temizlik \u00dcr\u00fcnleri hemen her alanda kullan\u0131lmaktad\u0131r. \u00dcr\u00fcnleri incelemek ve kar\u015f\u0131la\u015ft\u0131rmak i\u00e7in t\u0131klay\u0131n.\" \/>\n<meta property=\"og:url\" content=\"https:\/\/www.sitrett.com\/en\/multipurpose-cleaning-products\/\" \/>\n<meta property=\"og:site_name\" content=\"S\u0130TRETT MX EN\" \/>\n<meta property=\"article:modified_time\" content=\"2023-07-26T07:40:44+00:00\" \/>\n<meta name=\"twitter:card\" content=\"summary_large_image\" \/>\n<meta name=\"twitter:label1\" content=\"Tahmini okuma s\u00fcresi\" \/>\n\t<meta name=\"twitter:data1\" content=\"1 dakika\" \/>\n<script type=\"application\/ld+json\" class=\"yoast-schema-graph\">{\"@context\":\"https:\/\/schema.org\",\"@graph\":[{\"@type\":\"WebPage\",\"@id\":\"https:\/\/www.sitrett.com\/en\/multipurpose-cleaning-products\/\",\"url\":\"https:\/\/www.sitrett.com\/en\/multipurpose-cleaning-products\/\",\"name\":\"Multipurpose Cleaning Products - S\u0130TRETT MX EN\",\"isPartOf\":{\"@id\":\"https:\/\/www.sitrett.com\/en\/#website\"},\"datePublished\":\"2023-05-18T09:17:07+00:00\",\"dateModified\":\"2023-07-26T07:40:44+00:00\",\"description\":\"\u00c7ok Ama\u00e7l\u0131 Temizlik \u00dcr\u00fcnleri hemen her alanda kullan\u0131lmaktad\u0131r. \u00dcr\u00fcnleri incelemek ve kar\u015f\u0131la\u015ft\u0131rmak i\u00e7in t\u0131klay\u0131n.\",\"breadcrumb\":{\"@id\":\"https:\/\/www.sitrett.com\/en\/multipurpose-cleaning-products\/#breadcrumb\"},\"inLanguage\":\"tr\",\"potentialAction\":[{\"@type\":\"ReadAction\",\"target\":[\"https:\/\/www.sitrett.com\/en\/multipurpose-cleaning-products\/\"]}]},{\"@type\":\"BreadcrumbList\",\"@id\":\"https:\/\/www.sitrett.com\/en\/multipurpose-cleaning-products\/#breadcrumb\",\"itemListElement\":[{\"@type\":\"ListItem\",\"position\":1,\"name\":\"Anasayfa\",\"item\":\"https:\/\/www.sitrett.com\/en\/\"},{\"@type\":\"ListItem\",\"position\":2,\"name\":\"Multipurpose Cleaning Products\"}]},{\"@type\":\"WebSite\",\"@id\":\"https:\/\/www.sitrett.com\/en\/#website\",\"url\":\"https:\/\/www.sitrett.com\/en\/\",\"name\":\"S\u0130TRETT MX EN\",\"description\":\"\",\"publisher\":{\"@id\":\"https:\/\/www.sitrett.com\/en\/#organization\"},\"potentialAction\":[{\"@type\":\"SearchAction\",\"target\":{\"@type\":\"EntryPoint\",\"urlTemplate\":\"https:\/\/www.sitrett.com\/en\/?s={search_term_string}\"},\"query-input\":\"required name=search_term_string\"}],\"inLanguage\":\"tr\"},{\"@type\":\"Organization\",\"@id\":\"https:\/\/www.sitrett.com\/en\/#organization\",\"name\":\"S\u0130TRETT MX EN\",\"url\":\"https:\/\/www.sitrett.com\/en\/\",\"logo\":{\"@type\":\"ImageObject\",\"inLanguage\":\"tr\",\"@id\":\"https:\/\/www.sitrett.com\/en\/#\/schema\/logo\/image\/\",\"url\":\"https:\/\/www.sitrett.com\/en\/wp-content\/uploads\/2018\/07\/sitrett-logo5.png\",\"contentUrl\":\"https:\/\/www.sitrett.com\/en\/wp-content\/uploads\/2018\/07\/sitrett-logo5.png\",\"width\":506,\"height\":237,\"caption\":\"S\u0130TRETT MX EN\"},\"image\":{\"@id\":\"https:\/\/www.sitrett.com\/en\/#\/schema\/logo\/image\/\"}}]}<\/script>\n<!-- \/ Yoast SEO plugin. -->","yoast_head_json":{"title":"Multipurpose Cleaning Products - S\u0130TRETT MX EN","description":"\u00c7ok Ama\u00e7l\u0131 Temizlik \u00dcr\u00fcnleri hemen her alanda kullan\u0131lmaktad\u0131r. \u00dcr\u00fcnleri incelemek ve kar\u015f\u0131la\u015ft\u0131rmak i\u00e7in t\u0131klay\u0131n.","robots":{"index":"index","follow":"follow","max-snippet":"max-snippet:-1","max-image-preview":"max-image-preview:large","max-video-preview":"max-video-preview:-1"},"canonical":"https:\/\/www.sitrett.com\/en\/multipurpose-cleaning-products\/","og_locale":"tr_TR","og_type":"article","og_title":"Multipurpose Cleaning Products - S\u0130TRETT MX EN","og_description":"\u00c7ok Ama\u00e7l\u0131 Temizlik \u00dcr\u00fcnleri hemen her alanda kullan\u0131lmaktad\u0131r. \u00dcr\u00fcnleri incelemek ve kar\u015f\u0131la\u015ft\u0131rmak i\u00e7in t\u0131klay\u0131n.","og_url":"https:\/\/www.sitrett.com\/en\/multipurpose-cleaning-products\/","og_site_name":"S\u0130TRETT MX EN","article_modified_time":"2023-07-26T07:40:44+00:00","twitter_card":"summary_large_image","twitter_misc":{"Tahmini okuma s\u00fcresi":"1 dakika"},"schema":{"@context":"https:\/\/schema.org","@graph":[{"@type":"WebPage","@id":"https:\/\/www.sitrett.com\/en\/multipurpose-cleaning-products\/","url":"https:\/\/www.sitrett.com\/en\/multipurpose-cleaning-products\/","name":"Multipurpose Cleaning Products - S\u0130TRETT MX EN","isPartOf":{"@id":"https:\/\/www.sitrett.com\/en\/#website"},"datePublished":"2023-05-18T09:17:07+00:00","dateModified":"2023-07-26T07:40:44+00:00","description":"\u00c7ok Ama\u00e7l\u0131 Temizlik \u00dcr\u00fcnleri hemen her alanda kullan\u0131lmaktad\u0131r. \u00dcr\u00fcnleri incelemek ve kar\u015f\u0131la\u015ft\u0131rmak i\u00e7in t\u0131klay\u0131n.","breadcrumb":{"@id":"https:\/\/www.sitrett.com\/en\/multipurpose-cleaning-products\/#breadcrumb"},"inLanguage":"tr","potentialAction":[{"@type":"ReadAction","target":["https:\/\/www.sitrett.com\/en\/multipurpose-cleaning-products\/"]}]},{"@type":"BreadcrumbList","@id":"https:\/\/www.sitrett.com\/en\/multipurpose-cleaning-products\/#breadcrumb","itemListElement":[{"@type":"ListItem","position":1,"name":"Anasayfa","item":"https:\/\/www.sitrett.com\/en\/"},{"@type":"ListItem","position":2,"name":"Multipurpose Cleaning Products"}]},{"@type":"WebSite","@id":"https:\/\/www.sitrett.com\/en\/#website","url":"https:\/\/www.sitrett.com\/en\/","name":"S\u0130TRETT MX EN","description":"","publisher":{"@id":"https:\/\/www.sitrett.com\/en\/#organization"},"potentialAction":[{"@type":"SearchAction","target":{"@type":"EntryPoint","urlTemplate":"https:\/\/www.sitrett.com\/en\/?s={search_term_string}"},"query-input":"required name=search_term_string"}],"inLanguage":"tr"},{"@type":"Organization","@id":"https:\/\/www.sitrett.com\/en\/#organization","name":"S\u0130TRETT MX EN","url":"https:\/\/www.sitrett.com\/en\/","logo":{"@type":"ImageObject","inLanguage":"tr","@id":"https:\/\/www.sitrett.com\/en\/#\/schema\/logo\/image\/","url":"https:\/\/www.sitrett.com\/en\/wp-content\/uploads\/2018\/07\/sitrett-logo5.png","contentUrl":"https:\/\/www.sitrett.com\/en\/wp-content\/uploads\/2018\/07\/sitrett-logo5.png","width":506,"height":237,"caption":"S\u0130TRETT MX EN"},"image":{"@id":"https:\/\/www.sitrett.com\/en\/#\/schema\/logo\/image\/"}}]}},"_links":{"self":[{"href":"https:\/\/www.sitrett.com\/en\/wp-json\/wp\/v2\/pages\/5992","targetHints":{"allow":["GET"]}}],"collection":[{"href":"https:\/\/www.sitrett.com\/en\/wp-json\/wp\/v2\/pages"}],"about":[{"href":"https:\/\/www.sitrett.com\/en\/wp-json\/wp\/v2\/types\/page"}],"author":[{"embeddable":true,"href":"https:\/\/www.sitrett.com\/en\/wp-json\/wp\/v2\/users\/1"}],"replies":[{"embeddable":true,"href":"https:\/\/www.sitrett.com\/en\/wp-json\/wp\/v2\/comments?post=5992"}],"version-history":[{"count":102,"href":"https:\/\/www.sitrett.com\/en\/wp-json\/wp\/v2\/pages\/5992\/revisions"}],"predecessor-version":[{"id":13540,"href":"https:\/\/www.sitrett.com\/en\/wp-json\/wp\/v2\/pages\/5992\/revisions\/13540"}],"wp:attachment":[{"href":"https:\/\/www.sitrett.com\/en\/wp-json\/wp\/v2\/media?parent=5992"}],"curies":[{"name":"wp","href":"https:\/\/api.w.org\/{rel}","templated":true}]}}