{"id":610,"date":"2016-03-07T03:10:46","date_gmt":"2016-03-07T03:10:46","guid":{"rendered":"https:\/\/gaviaspreview.com\/wp\/kunco\/?page_id=610"},"modified":"2023-07-28T06:22:25","modified_gmt":"2023-07-28T06:22:25","slug":"contact","status":"publish","type":"page","link":"https:\/\/www.sitrett.com\/en\/contact\/","title":{"rendered":"Contact"},"content":{"rendered":"<section class=\"wpb-content-wrapper\"><p>[vc_row full_width=&#8221;stretch_row_content_no_spaces&#8221; content_placement=&#8221;middle&#8221; fullwidth=&#8221;0&#8243; row_space=&#8221;remove_margin remove_padding remove_padding_col&#8221; css=&#8221;.vc_custom_1685969230584{margin-top: -80px !important;}&#8221;][vc_column css=&#8221;.vc_custom_1685969309668{padding-top: 25px !important;padding-bottom: 25px !important;background-color: #04d215 !important;}&#8221;][vc_custom_heading text=&#8221;LIVE SUPPORT LINE<br \/>\n+90 850 840 97 65&#8243; font_container=&#8221;tag:h2|text_align:center|color:%23000000&#8243; use_theme_fonts=&#8221;yes&#8221; css=&#8221;.vc_custom_1690525244853{padding-right: 50px !important;padding-left: 50px !important;}&#8221; link=&#8221;url:https%3A%2F%2Fwa.me%2F%2B908508409765&#8243;][\/vc_column][\/vc_row][vc_row gap=&#8221;5&#8243; fullwidth=&#8221;0&#8243;][vc_column width=&#8221;1\/3&#8243;][vc_custom_heading text=&#8221;Konya Factory&#8221; font_container=&#8221;tag:h2|text_align:center|color:%23d20000&#8243; use_theme_fonts=&#8221;yes&#8221;][vc_column_text el_class=&#8221;text-secondary&#8221;]<\/p>\n<p style=\"text-align: center;\"><span style=\"color: #000000;\">Fevzi \u00c7akmak Mah. Kobisan 2 Sanayi Sitesi 10753 Sokak No:42\/C Karatay \u2013KONYA<\/span><\/p>\n<p>[\/vc_column_text][\/vc_column][vc_column width=&#8221;1\/3&#8243;][vc_custom_heading text=&#8221;Konya Inovation Center&#8221; font_container=&#8221;tag:h2|text_align:center|color:%23d20000&#8243; use_theme_fonts=&#8221;yes&#8221;][vc_column_text el_class=&#8221;text-secondary&#8221;]<\/p>\n<p style=\"text-align: center;\"><span style=\"color: #000000;\">B\u00fcy\u00fck Kayac\u0131k OSB Mah. 101. Cad. Innopark Konya Teknoloji Geli\u015ftirme B\u00f6lgesi D1 Blok No:6\/H Sel\u00e7uklu-KONYA<\/span><\/p>\n<p>[\/vc_column_text][\/vc_column][vc_column width=&#8221;1\/3&#8243;][vc_custom_heading text=&#8221;Ankara Adress&#8221; font_container=&#8221;tag:h2|text_align:center|color:%23d20000&#8243; use_theme_fonts=&#8221;yes&#8221;][vc_column_text el_class=&#8221;text-secondary&#8221;]<\/p>\n<p style=\"text-align: center;\"><span style=\"color: #000000;\">K\u0131z\u0131l\u0131rmak Mah. Dumlup\u0131nar Bulv. No: 3 Next Level A Blok No: 106 \u00c7ankaya-ANKARA |T\u00dcRK\u0130YE<\/span><\/p>\n<p>[\/vc_column_text][\/vc_column][\/vc_row][vc_row row_space=&#8221;remove_padding&#8221; isfullwidth=&#8221;0&#8243;][vc_column css=&#8221;.vc_custom_1685976872204{background-position: center !important;background-repeat: no-repeat !important;background-size: contain !important;}&#8221;][vc_gmaps link=&#8221;#E-8_JTNDaWZyYW1lJTIwc3JjJTNEJTIyaHR0cHMlM0ElMkYlMkZ3d3cuZ29vZ2xlLmNvbSUyRm1hcHMlMkZlbWJlZCUzRnBiJTNEJTIxMW0xNCUyMTFtOCUyMTFtMyUyMTFkMTI1ODYuODA3Mjc2NDk2MDY1JTIxMmQzMi41NjQ2MjU5JTIxM2QzNy45MzczOTU5JTIxM20yJTIxMWkxMDI0JTIxMmk3NjglMjE0ZjEzLjElMjEzbTMlMjExbTIlMjExczB4MCUyNTNBMHhjMDlhMjlkNzQwMjBlMTQzJTIxMnNTaXRyZXR0JTI1MjBNWCUyMTVlMCUyMTNtMiUyMTFzdHIlMjEyc3RyJTIxNHYxNjcyNDk0MzkwMjU4JTIxNW0yJTIxMXN0ciUyMTJzdHIlMjIlMjB3aWR0aCUzRCUyMjEwMCUyNSUyMiUyMGhlaWdodCUzRCUyMjQ1MCUyMiUyMHN0eWxlJTNEJTIyYm9yZGVyJTNBMCUzQiUyMiUyMGFsbG93ZnVsbHNjcmVlbiUzRCUyMiUyMiUyMGxvYWRpbmclM0QlMjJsYXp5JTIyJTIwcmVmZXJyZXJwb2xpY3klM0QlMjJuby1yZWZlcnJlci13aGVuLWRvd25ncmFkZSUyMiUzRSUzQyUyRmlmcmFtZSUzRQ==&#8221; size=&#8221;450&#8243; css=&#8221;.vc_custom_1685963949988{padding-top: 50px !important;padding-bottom: 50px !important;}&#8221; el_class=&#8221;border border-danger rounded border-2&#8243;][\/vc_column][\/vc_row][vc_row gap=&#8221;5&#8243;][vc_column][vc_custom_heading text=&#8221;Social Media Icons&#8221; font_container=&#8221;tag:h2|text_align:center|color:%23000000&#8243; use_theme_fonts=&#8221;yes&#8221; css=&#8221;.vc_custom_1690525316153{padding-top: 20px !important;padding-right: 20px !important;padding-bottom: 20px !important;padding-left: 20px !important;}&#8221;][vc_row_inner][vc_column_inner width=&#8221;1\/6&#8243; offset=&#8221;vc_col-xs-6&#8243;][vc_btn title=&#8221;Facebook&#8221; style=&#8221;gradient-custom&#8221; gradient_custom_color_1=&#8221;#198cff&#8221; gradient_custom_color_2=&#8221;#033977&#8243; size=&#8221;lg&#8221; i_icon_fontawesome=&#8221;fab fa-facebook-f&#8221; add_icon=&#8221;true&#8221; link=&#8221;url:https%3A%2F%2Fwww.facebook.com%2Fsitrett%2F&#8221;][\/vc_column_inner][vc_column_inner width=&#8221;1\/6&#8243; offset=&#8221;vc_col-xs-6&#8243;][vc_btn title=&#8221;Instagram&#8221; style=&#8221;gradient-custom&#8221; gradient_custom_color_1=&#8221;#f7a500&#8243; gradient_custom_color_2=&#8221;#f500ce&#8221; size=&#8221;lg&#8221; i_icon_fontawesome=&#8221;fab fa-instagram&#8221; add_icon=&#8221;true&#8221; link=&#8221;url:https%3A%2F%2Fwww.instagram.com%2Fsitrettmxofficial%2F&#8221;][\/vc_column_inner][vc_column_inner width=&#8221;1\/6&#8243; offset=&#8221;vc_col-xs-6&#8243;][vc_btn title=&#8221;Twitter&#8221; style=&#8221;gradient-custom&#8221; gradient_custom_color_1=&#8221;#1eb7ff&#8221; gradient_custom_color_2=&#8221;#019391&#8243; size=&#8221;lg&#8221; i_icon_fontawesome=&#8221;fab fa-twitter&#8221; add_icon=&#8221;true&#8221; link=&#8221;url:https%3A%2F%2Ftwitter.com%2Fsitrettmx&#8221;][\/vc_column_inner][vc_column_inner width=&#8221;1\/6&#8243; offset=&#8221;vc_col-xs-6&#8243;][vc_btn title=&#8221;Youtube&#8221; style=&#8221;gradient-custom&#8221; gradient_custom_color_1=&#8221;#ff0000&#8243; gradient_custom_color_2=&#8221;#db0700&#8243; size=&#8221;lg&#8221; i_icon_fontawesome=&#8221;fab fa-youtube&#8221; add_icon=&#8221;true&#8221; link=&#8221;url:https%3A%2F%2Fwww.youtube.com%2Fsitrett&#8221;][\/vc_column_inner][vc_column_inner width=&#8221;1\/6&#8243; offset=&#8221;vc_col-xs-6&#8243;][vc_btn title=&#8221;Linkedln&#8221; style=&#8221;gradient-custom&#8221; gradient_custom_color_1=&#8221;#0a66c2&#8243; gradient_custom_color_2=&#8221;#0496ea&#8221; size=&#8221;lg&#8221; i_icon_fontawesome=&#8221;fab fa-linkedin-in&#8221; add_icon=&#8221;true&#8221; link=&#8221;url:https%3A%2F%2Fwww.linkedin.com%2Fcompany%2Fsitrettmx%2F&#8221;][\/vc_column_inner][vc_column_inner width=&#8221;1\/6&#8243; offset=&#8221;vc_col-xs-6&#8243;][vc_btn title=&#8221;Whatsapp&#8221; style=&#8221;gradient-custom&#8221; gradient_custom_color_1=&#8221;#10b418&#8243; gradient_custom_color_2=&#8221;#00772d&#8221; size=&#8221;lg&#8221; i_icon_fontawesome=&#8221;fab fa-whatsapp&#8221; add_icon=&#8221;true&#8221; link=&#8221;url:https%3A%2F%2Fwa.me%2F%2B908508409765&#8243;][\/vc_column_inner][\/vc_row_inner][\/vc_column][\/vc_row][vc_row gap=&#8221;10&#8243; fullwidth=&#8221;0&#8243; row_space=&#8221;remove_padding&#8221; css=&#8221;.vc_custom_1685961562704{padding-top: 30px !important;}&#8221;][vc_column width=&#8221;2\/3&#8243;]\n<div class=\"wpcf7 no-js\" id=\"wpcf7-f236-o1\" lang=\"en-US\" dir=\"ltr\">\n<div class=\"screen-reader-response\"><p role=\"status\" aria-live=\"polite\" aria-atomic=\"true\"><\/p> <ul><\/ul><\/div>\n<form action=\"\/en\/wp-json\/wp\/v2\/pages\/610#wpcf7-f236-o1\" method=\"post\" class=\"wpcf7-form init\" aria-label=\"Contact form\" novalidate=\"novalidate\" data-status=\"init\">\n<div style=\"display: none;\">\n<input type=\"hidden\" name=\"_wpcf7\" value=\"236\" \/>\n<input type=\"hidden\" name=\"_wpcf7_version\" value=\"5.8\" \/>\n<input type=\"hidden\" name=\"_wpcf7_locale\" value=\"en_US\" \/>\n<input type=\"hidden\" name=\"_wpcf7_unit_tag\" value=\"wpcf7-f236-o1\" \/>\n<input type=\"hidden\" name=\"_wpcf7_container_post\" value=\"0\" \/>\n<input type=\"hidden\" name=\"_wpcf7_posted_data_hash\" value=\"\" \/>\n<\/div>\n<div class=\"row\">\n\t<div class=\"col-sm-4 col-xs-12\" >\n\t\t<p><span class=\"wpcf7-form-control-wrap\" data-name=\"your-name\"><input size=\"40\" class=\"wpcf7-form-control wpcf7-text wpcf7-validates-as-required\" aria-required=\"true\" aria-invalid=\"false\" placeholder=\"Your Name*\" value=\"\" type=\"text\" name=\"your-name\" \/><\/span>\n\t\t<\/p>\n\t<\/div>\n\t<div class=\"col-sm-4 col-xs-12\" >\n\t\t<p><span class=\"wpcf7-form-control-wrap\" data-name=\"your-email\"><input size=\"40\" class=\"wpcf7-form-control wpcf7-email wpcf7-validates-as-required wpcf7-text wpcf7-validates-as-email\" aria-required=\"true\" aria-invalid=\"false\" placeholder=\"Your E-mail *\" value=\"\" type=\"email\" name=\"your-email\" \/><\/span>\n\t\t<\/p>\n\t<\/div>\n\t<div class=\"col-sm-4 col-xs-12\" >\n\t\t<p><span class=\"wpcf7-form-control-wrap\" data-name=\"your-subject\"><input size=\"40\" class=\"wpcf7-form-control wpcf7-text\" aria-invalid=\"false\" placeholder=\"Subject\" value=\"\" type=\"text\" name=\"your-subject\" \/><\/span>\n\t\t<\/p>\n\t<\/div>\n<\/div>\n<div class=\"row\">\n\t<div class=\"col-xs-12\" >\n\t\t<p><span class=\"wpcf7-form-control-wrap\" data-name=\"rows:6\"><textarea cols=\"40\" rows=\"10\" class=\"wpcf7-form-control wpcf7-textarea\" aria-invalid=\"false\" placeholder=\"Your Message\" name=\"rows:6\"><\/textarea><\/span>\n\t\t<\/p>\n\t<\/div>\n\t<div class=\"col-xs-12 action\" style=\"color: #d20000;\">\n\t\t<p><input class=\"wpcf7-form-control wpcf7-submit has-spinner\" type=\"submit\" value=\"Submit\" \/>\n\t\t<\/p>\n\t<\/div>\n<\/div><div class=\"wpcf7-response-output\" aria-hidden=\"true\"><\/div>\n<\/form>\n<\/div>\n[\/vc_column][vc_column width=&#8221;1\/3&#8243;][gva_block_heading title=&#8221;Contact Informations&#8221; align=&#8221;align-left&#8221;][\/gva_block_heading][gva_contact_info photo=&#8221;954&#8243; address=&#8221;B\u00fcy\u00fck Kayac\u0131k OSB Mah. 101. Cad. Innopark Konya Teknoloji Geli\u015ftirme B\u00f6lgesi D1 Blok No:6\/H Sel\u00e7uklu-KONYA&#8221; phone=&#8221;+90 850 840 97 65&#8243; email=&#8221;info@sitrett.com&#8221; website=&#8221;https:\/\/www.sitrett.com&#8221; el_class=&#8221;text-secondary&#8221;][\/vc_column][\/vc_row]<\/p>\n<\/section>","protected":false},"excerpt":{"rendered":"<p>[vc_row full_width=&#8221;stretch_row_content_no_spaces&#8221; content_placement=&#8221;middle&#8221; fullwidth=&#8221;0&#8243; row_space=&#8221;remove_margin remove_padding remove_padding_col&#8221; css=&#8221;.vc_custom_1685969230584{margin-top: -80px !important;}&#8221;][vc_column css=&#8221;.vc_custom_1685969309668{padding-top: 25px !important;padding-bottom: 25px !important;background-color: #04d215 !important;}&#8221;][vc_custom_heading text=&#8221;LIVE SUPPORT LINE +90 850 840 97 65&#8243; font_container=&#8221;tag:h2|text_align:center|color:%23000000&#8243; use_theme_fonts=&#8221;yes&#8221; css=&#8221;.vc_custom_1690525244853{padding-right: 50px !important;padding-left: 50px !important;}&#8221; link=&#8221;url:https%3A%2F%2Fwa.me%2F%2B908508409765&#8243;][\/vc_column][\/vc_row][vc_row gap=&#8221;5&#8243; fullwidth=&#8221;0&#8243;][vc_column width=&#8221;1\/3&#8243;][vc_custom_heading text=&#8221;Konya Factory&#8221; font_container=&#8221;tag:h2|text_align:center|color:%23d20000&#8243; use_theme_fonts=&#8221;yes&#8221;][vc_column_text el_class=&#8221;text-secondary&#8221;] Fevzi \u00c7akmak Mah. Kobisan 2 Sanayi Sitesi 10753 Sokak No:42\/C Karatay \u2013KONYA [\/vc_column_text][\/vc_column][vc_column width=&#8221;1\/3&#8243;][vc_custom_heading [&hellip;]<\/p>\n","protected":false},"author":1,"featured_media":0,"parent":0,"menu_order":0,"comment_status":"closed","ping_status":"closed","template":"","meta":{"footnotes":""},"class_list":["post-610","page","type-page","status-publish","hentry"],"yoast_head":"<!-- This site is optimized with the Yoast SEO plugin v20.13 - https:\/\/yoast.com\/wordpress\/plugins\/seo\/ -->\n<title>Contact - S\u0130TRETT MX EN<\/title>\n<meta name=\"robots\" content=\"index, follow, max-snippet:-1, max-image-preview:large, max-video-preview:-1\" \/>\n<link rel=\"canonical\" href=\"https:\/\/www.sitrett.com\/en\/contact\/\" \/>\n<meta property=\"og:locale\" content=\"tr_TR\" \/>\n<meta property=\"og:type\" content=\"article\" \/>\n<meta property=\"og:title\" content=\"Contact - S\u0130TRETT MX EN\" \/>\n<meta property=\"og:description\" content=\"[vc_row full_width=&#8221;stretch_row_content_no_spaces&#8221; content_placement=&#8221;middle&#8221; fullwidth=&#8221;0&#8243; row_space=&#8221;remove_margin remove_padding remove_padding_col&#8221; css=&#8221;.vc_custom_1685969230584{margin-top: -80px !important;}&#8221;][vc_column css=&#8221;.vc_custom_1685969309668{padding-top: 25px !important;padding-bottom: 25px !important;background-color: #04d215 !important;}&#8221;][vc_custom_heading text=&#8221;LIVE SUPPORT LINE +90 850 840 97 65&#8243; font_container=&#8221;tag:h2|text_align:center|color:%23000000&#8243; use_theme_fonts=&#8221;yes&#8221; css=&#8221;.vc_custom_1690525244853{padding-right: 50px !important;padding-left: 50px !important;}&#8221; link=&#8221;url:https%3A%2F%2Fwa.me%2F%2B908508409765&#8243;][\/vc_column][\/vc_row][vc_row gap=&#8221;5&#8243; fullwidth=&#8221;0&#8243;][vc_column width=&#8221;1\/3&#8243;][vc_custom_heading text=&#8221;Konya Factory&#8221; font_container=&#8221;tag:h2|text_align:center|color:%23d20000&#8243; use_theme_fonts=&#8221;yes&#8221;][vc_column_text el_class=&#8221;text-secondary&#8221;] Fevzi \u00c7akmak Mah. Kobisan 2 Sanayi Sitesi 10753 Sokak No:42\/C Karatay \u2013KONYA [\/vc_column_text][\/vc_column][vc_column width=&#8221;1\/3&#8243;][vc_custom_heading [&hellip;]\" \/>\n<meta property=\"og:url\" content=\"https:\/\/www.sitrett.com\/en\/contact\/\" \/>\n<meta property=\"og:site_name\" content=\"S\u0130TRETT MX EN\" \/>\n<meta property=\"article:modified_time\" content=\"2023-07-28T06:22:25+00:00\" \/>\n<meta name=\"twitter:card\" content=\"summary_large_image\" \/>\n<meta name=\"twitter:label1\" content=\"Tahmini okuma s\u00fcresi\" \/>\n\t<meta name=\"twitter:data1\" content=\"2 dakika\" \/>\n<script type=\"application\/ld+json\" class=\"yoast-schema-graph\">{\"@context\":\"https:\/\/schema.org\",\"@graph\":[{\"@type\":\"WebPage\",\"@id\":\"https:\/\/www.sitrett.com\/en\/contact\/\",\"url\":\"https:\/\/www.sitrett.com\/en\/contact\/\",\"name\":\"Contact - S\u0130TRETT MX EN\",\"isPartOf\":{\"@id\":\"https:\/\/www.sitrett.com\/en\/#website\"},\"datePublished\":\"2016-03-07T03:10:46+00:00\",\"dateModified\":\"2023-07-28T06:22:25+00:00\",\"breadcrumb\":{\"@id\":\"https:\/\/www.sitrett.com\/en\/contact\/#breadcrumb\"},\"inLanguage\":\"tr\",\"potentialAction\":[{\"@type\":\"ReadAction\",\"target\":[\"https:\/\/www.sitrett.com\/en\/contact\/\"]}]},{\"@type\":\"BreadcrumbList\",\"@id\":\"https:\/\/www.sitrett.com\/en\/contact\/#breadcrumb\",\"itemListElement\":[{\"@type\":\"ListItem\",\"position\":1,\"name\":\"Anasayfa\",\"item\":\"https:\/\/www.sitrett.com\/en\/\"},{\"@type\":\"ListItem\",\"position\":2,\"name\":\"Contact\"}]},{\"@type\":\"WebSite\",\"@id\":\"https:\/\/www.sitrett.com\/en\/#website\",\"url\":\"https:\/\/www.sitrett.com\/en\/\",\"name\":\"S\u0130TRETT MX EN\",\"description\":\"\",\"publisher\":{\"@id\":\"https:\/\/www.sitrett.com\/en\/#organization\"},\"potentialAction\":[{\"@type\":\"SearchAction\",\"target\":{\"@type\":\"EntryPoint\",\"urlTemplate\":\"https:\/\/www.sitrett.com\/en\/?s={search_term_string}\"},\"query-input\":\"required name=search_term_string\"}],\"inLanguage\":\"tr\"},{\"@type\":\"Organization\",\"@id\":\"https:\/\/www.sitrett.com\/en\/#organization\",\"name\":\"S\u0130TRETT MX EN\",\"url\":\"https:\/\/www.sitrett.com\/en\/\",\"logo\":{\"@type\":\"ImageObject\",\"inLanguage\":\"tr\",\"@id\":\"https:\/\/www.sitrett.com\/en\/#\/schema\/logo\/image\/\",\"url\":\"https:\/\/www.sitrett.com\/en\/wp-content\/uploads\/2018\/07\/sitrett-logo5.png\",\"contentUrl\":\"https:\/\/www.sitrett.com\/en\/wp-content\/uploads\/2018\/07\/sitrett-logo5.png\",\"width\":506,\"height\":237,\"caption\":\"S\u0130TRETT MX EN\"},\"image\":{\"@id\":\"https:\/\/www.sitrett.com\/en\/#\/schema\/logo\/image\/\"}}]}<\/script>\n<!-- \/ Yoast SEO plugin. -->","yoast_head_json":{"title":"Contact - S\u0130TRETT MX EN","robots":{"index":"index","follow":"follow","max-snippet":"max-snippet:-1","max-image-preview":"max-image-preview:large","max-video-preview":"max-video-preview:-1"},"canonical":"https:\/\/www.sitrett.com\/en\/contact\/","og_locale":"tr_TR","og_type":"article","og_title":"Contact - S\u0130TRETT MX EN","og_description":"[vc_row full_width=&#8221;stretch_row_content_no_spaces&#8221; content_placement=&#8221;middle&#8221; fullwidth=&#8221;0&#8243; row_space=&#8221;remove_margin remove_padding remove_padding_col&#8221; css=&#8221;.vc_custom_1685969230584{margin-top: -80px !important;}&#8221;][vc_column css=&#8221;.vc_custom_1685969309668{padding-top: 25px !important;padding-bottom: 25px !important;background-color: #04d215 !important;}&#8221;][vc_custom_heading text=&#8221;LIVE SUPPORT LINE +90 850 840 97 65&#8243; font_container=&#8221;tag:h2|text_align:center|color:%23000000&#8243; use_theme_fonts=&#8221;yes&#8221; css=&#8221;.vc_custom_1690525244853{padding-right: 50px !important;padding-left: 50px !important;}&#8221; link=&#8221;url:https%3A%2F%2Fwa.me%2F%2B908508409765&#8243;][\/vc_column][\/vc_row][vc_row gap=&#8221;5&#8243; fullwidth=&#8221;0&#8243;][vc_column width=&#8221;1\/3&#8243;][vc_custom_heading text=&#8221;Konya Factory&#8221; font_container=&#8221;tag:h2|text_align:center|color:%23d20000&#8243; use_theme_fonts=&#8221;yes&#8221;][vc_column_text el_class=&#8221;text-secondary&#8221;] Fevzi \u00c7akmak Mah. Kobisan 2 Sanayi Sitesi 10753 Sokak No:42\/C Karatay \u2013KONYA [\/vc_column_text][\/vc_column][vc_column width=&#8221;1\/3&#8243;][vc_custom_heading [&hellip;]","og_url":"https:\/\/www.sitrett.com\/en\/contact\/","og_site_name":"S\u0130TRETT MX EN","article_modified_time":"2023-07-28T06:22:25+00:00","twitter_card":"summary_large_image","twitter_misc":{"Tahmini okuma s\u00fcresi":"2 dakika"},"schema":{"@context":"https:\/\/schema.org","@graph":[{"@type":"WebPage","@id":"https:\/\/www.sitrett.com\/en\/contact\/","url":"https:\/\/www.sitrett.com\/en\/contact\/","name":"Contact - S\u0130TRETT MX EN","isPartOf":{"@id":"https:\/\/www.sitrett.com\/en\/#website"},"datePublished":"2016-03-07T03:10:46+00:00","dateModified":"2023-07-28T06:22:25+00:00","breadcrumb":{"@id":"https:\/\/www.sitrett.com\/en\/contact\/#breadcrumb"},"inLanguage":"tr","potentialAction":[{"@type":"ReadAction","target":["https:\/\/www.sitrett.com\/en\/contact\/"]}]},{"@type":"BreadcrumbList","@id":"https:\/\/www.sitrett.com\/en\/contact\/#breadcrumb","itemListElement":[{"@type":"ListItem","position":1,"name":"Anasayfa","item":"https:\/\/www.sitrett.com\/en\/"},{"@type":"ListItem","position":2,"name":"Contact"}]},{"@type":"WebSite","@id":"https:\/\/www.sitrett.com\/en\/#website","url":"https:\/\/www.sitrett.com\/en\/","name":"S\u0130TRETT MX EN","description":"","publisher":{"@id":"https:\/\/www.sitrett.com\/en\/#organization"},"potentialAction":[{"@type":"SearchAction","target":{"@type":"EntryPoint","urlTemplate":"https:\/\/www.sitrett.com\/en\/?s={search_term_string}"},"query-input":"required name=search_term_string"}],"inLanguage":"tr"},{"@type":"Organization","@id":"https:\/\/www.sitrett.com\/en\/#organization","name":"S\u0130TRETT MX EN","url":"https:\/\/www.sitrett.com\/en\/","logo":{"@type":"ImageObject","inLanguage":"tr","@id":"https:\/\/www.sitrett.com\/en\/#\/schema\/logo\/image\/","url":"https:\/\/www.sitrett.com\/en\/wp-content\/uploads\/2018\/07\/sitrett-logo5.png","contentUrl":"https:\/\/www.sitrett.com\/en\/wp-content\/uploads\/2018\/07\/sitrett-logo5.png","width":506,"height":237,"caption":"S\u0130TRETT MX EN"},"image":{"@id":"https:\/\/www.sitrett.com\/en\/#\/schema\/logo\/image\/"}}]}},"_links":{"self":[{"href":"https:\/\/www.sitrett.com\/en\/wp-json\/wp\/v2\/pages\/610","targetHints":{"allow":["GET"]}}],"collection":[{"href":"https:\/\/www.sitrett.com\/en\/wp-json\/wp\/v2\/pages"}],"about":[{"href":"https:\/\/www.sitrett.com\/en\/wp-json\/wp\/v2\/types\/page"}],"author":[{"embeddable":true,"href":"https:\/\/www.sitrett.com\/en\/wp-json\/wp\/v2\/users\/1"}],"replies":[{"embeddable":true,"href":"https:\/\/www.sitrett.com\/en\/wp-json\/wp\/v2\/comments?post=610"}],"version-history":[{"count":89,"href":"https:\/\/www.sitrett.com\/en\/wp-json\/wp\/v2\/pages\/610\/revisions"}],"predecessor-version":[{"id":13740,"href":"https:\/\/www.sitrett.com\/en\/wp-json\/wp\/v2\/pages\/610\/revisions\/13740"}],"wp:attachment":[{"href":"https:\/\/www.sitrett.com\/en\/wp-json\/wp\/v2\/media?parent=610"}],"curies":[{"name":"wp","href":"https:\/\/api.w.org\/{rel}","templated":true}]}}