{"id":6257,"date":"2023-05-18T11:50:12","date_gmt":"2023-05-18T11:50:12","guid":{"rendered":"https:\/\/www.sitrett.com\/?page_id=6257"},"modified":"2023-07-04T08:56:22","modified_gmt":"2023-07-04T08:56:22","slug":"pet-cleaning-products","status":"publish","type":"page","link":"https:\/\/www.sitrett.com\/en\/pet-cleaning-products\/","title":{"rendered":"Pet Cleaning Products"},"content":{"rendered":"\t\t<div data-elementor-type=\"wp-page\" data-elementor-id=\"6257\" class=\"elementor elementor-6257\">\n\t\t\t\t\t\t\t\t\t<section class=\"has_ma_el_bg_slider elementor-section elementor-top-section elementor-element elementor-element-0b34a6f elementor-section-full_width elementor-section-height-default elementor-section-height-default jltma-glass-effect-no wpr-particle-no wpr-jarallax-no wpr-parallax-no wpr-sticky-section-no\" data-id=\"0b34a6f\" data-element_type=\"section\">\n\t\t\t\t\t\t<div class=\"elementor-container elementor-column-gap-default\">\n\t\t\t\t\t<div class=\"has_ma_el_bg_slider elementor-column elementor-col-100 elementor-top-column elementor-element elementor-element-74663ee jltma-glass-effect-no\" data-id=\"74663ee\" data-element_type=\"column\">\n\t\t\t<div class=\"elementor-widget-wrap elementor-element-populated\">\n\t\t\t\t\t\t\t\t<div class=\"elementor-element elementor-element-f04aad1 jltma-glass-effect-no elementor-widget elementor-widget-heading\" data-id=\"f04aad1\" data-element_type=\"widget\" data-widget_type=\"heading.default\">\n\t\t\t\t<div class=\"elementor-widget-container\">\n\t\t\t<style>\/*! elementor - v3.15.0 - 09-08-2023 *\/\n.elementor-heading-title{padding:0;margin:0;line-height:1}.elementor-widget-heading .elementor-heading-title[class*=elementor-size-]>a{color:inherit;font-size:inherit;line-height:inherit}.elementor-widget-heading .elementor-heading-title.elementor-size-small{font-size:15px}.elementor-widget-heading .elementor-heading-title.elementor-size-medium{font-size:19px}.elementor-widget-heading .elementor-heading-title.elementor-size-large{font-size:29px}.elementor-widget-heading .elementor-heading-title.elementor-size-xl{font-size:39px}.elementor-widget-heading .elementor-heading-title.elementor-size-xxl{font-size:59px}<\/style><h1 class=\"elementor-heading-title elementor-size-default\">PET CLEANING PRODUCTS<\/h1>\t\t<\/div>\n\t\t\t\t<\/div>\n\t\t\t\t<section class=\"has_ma_el_bg_slider elementor-section elementor-inner-section elementor-element elementor-element-4905839 elementor-section-boxed elementor-section-height-default elementor-section-height-default jltma-glass-effect-no wpr-particle-no wpr-jarallax-no wpr-parallax-no wpr-sticky-section-no\" data-id=\"4905839\" data-element_type=\"section\">\n\t\t\t\t\t\t<div class=\"elementor-container elementor-column-gap-default\">\n\t\t\t\t\t<div class=\"has_ma_el_bg_slider elementor-column elementor-col-33 elementor-inner-column elementor-element elementor-element-d745d6d jltma-glass-effect-no\" data-id=\"d745d6d\" data-element_type=\"column\">\n\t\t\t<div class=\"elementor-widget-wrap elementor-element-populated\">\n\t\t\t\t\t\t\t\t<div class=\"elementor-element elementor-element-fb5fc2c wpr-promo-box-style-cover jltma-glass-effect-no elementor-widget elementor-widget-wpr-promo-box\" data-id=\"fb5fc2c\" data-element_type=\"widget\" data-widget_type=\"wpr-promo-box.default\">\n\t\t\t\t<div class=\"elementor-widget-container\">\n\t\t\t\n\t\t<div class=\"wpr-promo-box wpr-animation-wrap\">\n\n\t\t\t\t\t\t<a class=\"wpr-promo-box-link\" href=\"https:\/\/www.sitrett.com\/en\/paw-cleaning-foam\/\"><\/a>\t\n\t\t\t\t\t\t\t\n\t\t\t\t\t\t\t<div class=\"wpr-promo-box-image\">\n\t\t\t\t\t<div class=\"wpr-promo-box-bg-image wpr-bg-anim-zoom-in wpr-anim-timing-ease-default\" style=\"background-image:url(https:\/\/www.sitrett.com\/en\/wp-content\/uploads\/2023\/06\/pati-temizleme-kopugu-kategori.jpg);\"><\/div>\n\t\t\t\t\t<div class=\"wpr-promo-box-bg-overlay wpr-border-anim-oscar\"><\/div>\n\t\t\t\t<\/div>\n\t\t\t\t\t\t\n\t\t\t<div class=\"wpr-promo-box-content\">\n\n\t\t\t\t\t\t\t\t<div class=\"wpr-promo-box-icon\">\n\t\t\t\t\t\t\t\t\t<\/div>\n\t\t\t\t\n\t\t\t\t\n\t\t\t\t\n\t\t\t\t\t\t\t<\/div>\n\n\t\t\t\t\t<\/div>\n\n\t\t\t\t<\/div>\n\t\t\t\t<\/div>\n\t\t\t\t<div class=\"elementor-element elementor-element-97d14f7 jltma-glass-effect-no elementor-widget elementor-widget-icon-box\" data-id=\"97d14f7\" data-element_type=\"widget\" data-widget_type=\"icon-box.default\">\n\t\t\t\t<div class=\"elementor-widget-container\">\n\t\t\t<link rel=\"stylesheet\" href=\"https:\/\/www.sitrett.com\/en\/wp-content\/plugins\/elementor\/assets\/css\/widget-icon-box.min.css\">\t\t<div class=\"elementor-icon-box-wrapper\">\n\t\t\t\t\t\t<div class=\"elementor-icon-box-content\">\n\t\t\t\t<h2 class=\"elementor-icon-box-title\">\n\t\t\t\t\t<span  >\n\t\t\t\t\t\tPaw Cleaning Foam\t\t\t\t\t<\/span>\n\t\t\t\t<\/h2>\n\t\t\t\t\t\t\t<\/div>\n\t\t<\/div>\n\t\t\t\t<\/div>\n\t\t\t\t<\/div>\n\t\t\t\t<div class=\"elementor-element elementor-element-7182303 jltma-glass-effect-no elementor-widget elementor-widget-ma-creative-buttons\" data-id=\"7182303\" data-element_type=\"widget\" data-widget_type=\"ma-creative-buttons.default\">\n\t\t\t\t<div class=\"elementor-widget-container\">\n\t\t\t\n\t\t<div class=\"jltma-creative-button-wrapper\">\n\t\t\t<a class=\"jltma-button jltma-creative-button jltma-creative-button--tamaya\" href=\"https:\/\/www.sitrett.com\/en\/paw-cleaning-foam\/\" data-text=\"View Product Details\">\n\t\t\t\t<span>\n\t\t\t\t\t<i aria-hidden=\"true\" class=\"jltma-creative-button-icon-left fas fa-external-link-alt\"><\/i>View Product Details\t\t\t\t<\/span>\n\t\t\t<\/a>\n\t\t<\/div>\n\n\t\t<\/div>\n\t\t\t\t<\/div>\n\t\t\t\t\t<\/div>\n\t\t<\/div>\n\t\t\t\t<div class=\"has_ma_el_bg_slider elementor-column elementor-col-33 elementor-inner-column elementor-element elementor-element-2816dbb jltma-glass-effect-no\" data-id=\"2816dbb\" data-element_type=\"column\">\n\t\t\t<div class=\"elementor-widget-wrap elementor-element-populated\">\n\t\t\t\t\t\t\t\t<div class=\"elementor-element elementor-element-0b6b155 wpr-promo-box-style-cover jltma-glass-effect-no elementor-widget elementor-widget-wpr-promo-box\" data-id=\"0b6b155\" data-element_type=\"widget\" data-widget_type=\"wpr-promo-box.default\">\n\t\t\t\t<div class=\"elementor-widget-container\">\n\t\t\t\n\t\t<div class=\"wpr-promo-box wpr-animation-wrap\">\n\n\t\t\t\t\t\t<a class=\"wpr-promo-box-link\" href=\"https:\/\/www.sitrett.com\/en\/pet-dirt-smell-cleaner\/\"><\/a>\t\n\t\t\t\t\t\t\t\n\t\t\t\t\t\t\t<div class=\"wpr-promo-box-image\">\n\t\t\t\t\t<div class=\"wpr-promo-box-bg-image wpr-bg-anim-zoom-in wpr-anim-timing-ease-default\" style=\"background-image:url(https:\/\/www.sitrett.com\/en\/wp-content\/uploads\/2023\/06\/evcil-hayvan-kir-koku-giderici-kategori.jpg);\"><\/div>\n\t\t\t\t\t<div class=\"wpr-promo-box-bg-overlay wpr-border-anim-oscar\"><\/div>\n\t\t\t\t<\/div>\n\t\t\t\t\t\t\n\t\t\t<div class=\"wpr-promo-box-content\">\n\n\t\t\t\t\t\t\t\t<div class=\"wpr-promo-box-icon\">\n\t\t\t\t\t\t\t\t\t<\/div>\n\t\t\t\t\n\t\t\t\t\n\t\t\t\t\n\t\t\t\t\t\t\t<\/div>\n\n\t\t\t\t\t<\/div>\n\n\t\t\t\t<\/div>\n\t\t\t\t<\/div>\n\t\t\t\t<div class=\"elementor-element elementor-element-bd9b353 jltma-glass-effect-no elementor-widget elementor-widget-icon-box\" data-id=\"bd9b353\" data-element_type=\"widget\" data-widget_type=\"icon-box.default\">\n\t\t\t\t<div class=\"elementor-widget-container\">\n\t\t\t\t\t<div class=\"elementor-icon-box-wrapper\">\n\t\t\t\t\t\t<div class=\"elementor-icon-box-content\">\n\t\t\t\t<h2 class=\"elementor-icon-box-title\">\n\t\t\t\t\t<span  >\n\t\t\t\t\t\tPet Dirt & Smell Cleaner\t\t\t\t\t<\/span>\n\t\t\t\t<\/h2>\n\t\t\t\t\t\t\t<\/div>\n\t\t<\/div>\n\t\t\t\t<\/div>\n\t\t\t\t<\/div>\n\t\t\t\t<div class=\"elementor-element elementor-element-c865eaf jltma-glass-effect-no elementor-widget elementor-widget-ma-creative-buttons\" data-id=\"c865eaf\" data-element_type=\"widget\" data-widget_type=\"ma-creative-buttons.default\">\n\t\t\t\t<div class=\"elementor-widget-container\">\n\t\t\t\n\t\t<div class=\"jltma-creative-button-wrapper\">\n\t\t\t<a class=\"jltma-button jltma-creative-button jltma-creative-button--tamaya\" href=\"https:\/\/www.sitrett.com\/en\/pet-dirt-smell-cleaner\/\" data-text=\"View Product Details\">\n\t\t\t\t<span>\n\t\t\t\t\t<i aria-hidden=\"true\" class=\"jltma-creative-button-icon-left fas fa-external-link-alt\"><\/i>View Product Details\t\t\t\t<\/span>\n\t\t\t<\/a>\n\t\t<\/div>\n\n\t\t<\/div>\n\t\t\t\t<\/div>\n\t\t\t\t\t<\/div>\n\t\t<\/div>\n\t\t\t\t<div class=\"has_ma_el_bg_slider elementor-column elementor-col-33 elementor-inner-column elementor-element elementor-element-bc8b0a9 jltma-glass-effect-no\" data-id=\"bc8b0a9\" data-element_type=\"column\">\n\t\t\t<div class=\"elementor-widget-wrap elementor-element-populated\">\n\t\t\t\t\t\t\t\t<div class=\"elementor-element elementor-element-a954885 wpr-promo-box-style-cover jltma-glass-effect-no elementor-widget elementor-widget-wpr-promo-box\" data-id=\"a954885\" data-element_type=\"widget\" data-widget_type=\"wpr-promo-box.default\">\n\t\t\t\t<div class=\"elementor-widget-container\">\n\t\t\t\n\t\t<div class=\"wpr-promo-box wpr-animation-wrap\">\n\n\t\t\t\t\t\t<a class=\"wpr-promo-box-link\" href=\"https:\/\/www.sitrett.com\/en\/pet-shampoo\/\"><\/a>\t\n\t\t\t\t\t\t\t\n\t\t\t\t\t\t\t<div class=\"wpr-promo-box-image\">\n\t\t\t\t\t<div class=\"wpr-promo-box-bg-image wpr-bg-anim-zoom-in wpr-anim-timing-ease-default\" style=\"background-image:url(https:\/\/www.sitrett.com\/en\/wp-content\/uploads\/2023\/06\/evcil-hayvan-sampoani-kategori.jpg);\"><\/div>\n\t\t\t\t\t<div class=\"wpr-promo-box-bg-overlay wpr-border-anim-oscar\"><\/div>\n\t\t\t\t<\/div>\n\t\t\t\t\t\t\n\t\t\t<div class=\"wpr-promo-box-content\">\n\n\t\t\t\t\t\t\t\t<div class=\"wpr-promo-box-icon\">\n\t\t\t\t\t\t\t\t\t<\/div>\n\t\t\t\t\n\t\t\t\t\n\t\t\t\t\n\t\t\t\t\t\t\t<\/div>\n\n\t\t\t\t\t<\/div>\n\n\t\t\t\t<\/div>\n\t\t\t\t<\/div>\n\t\t\t\t<div class=\"elementor-element elementor-element-14b2c00 jltma-glass-effect-no elementor-widget elementor-widget-icon-box\" data-id=\"14b2c00\" data-element_type=\"widget\" data-widget_type=\"icon-box.default\">\n\t\t\t\t<div class=\"elementor-widget-container\">\n\t\t\t\t\t<div class=\"elementor-icon-box-wrapper\">\n\t\t\t\t\t\t<div class=\"elementor-icon-box-content\">\n\t\t\t\t<h2 class=\"elementor-icon-box-title\">\n\t\t\t\t\t<span  >\n\t\t\t\t\t\tPet Shampoo\t\t\t\t\t<\/span>\n\t\t\t\t<\/h2>\n\t\t\t\t\t\t\t<\/div>\n\t\t<\/div>\n\t\t\t\t<\/div>\n\t\t\t\t<\/div>\n\t\t\t\t<div class=\"elementor-element elementor-element-192c4d4 jltma-glass-effect-no elementor-widget elementor-widget-ma-creative-buttons\" data-id=\"192c4d4\" data-element_type=\"widget\" data-widget_type=\"ma-creative-buttons.default\">\n\t\t\t\t<div class=\"elementor-widget-container\">\n\t\t\t\n\t\t<div class=\"jltma-creative-button-wrapper\">\n\t\t\t<a class=\"jltma-button jltma-creative-button jltma-creative-button--tamaya\" href=\"https:\/\/www.sitrett.com\/en\/pet-shampoo\/\" data-text=\"View Product Details\">\n\t\t\t\t<span>\n\t\t\t\t\t<i aria-hidden=\"true\" class=\"jltma-creative-button-icon-left fas fa-external-link-alt\"><\/i>View Product Details\t\t\t\t<\/span>\n\t\t\t<\/a>\n\t\t<\/div>\n\n\t\t<\/div>\n\t\t\t\t<\/div>\n\t\t\t\t\t<\/div>\n\t\t<\/div>\n\t\t\t\t\t\t\t<\/div>\n\t\t<\/section>\n\t\t\t\t\t<\/div>\n\t\t<\/div>\n\t\t\t\t\t\t\t<\/div>\n\t\t<\/section>\n\t\t\t\t\t\t\t<\/div>\n\t\t","protected":false},"excerpt":{"rendered":"<p>PET CLEANING PRODUCTS Paw Cleaning Foam View Product Details Pet Dirt &#038; Smell Cleaner View Product Details Pet Shampoo View Product Details<\/p>\n","protected":false},"author":1,"featured_media":8387,"parent":0,"menu_order":0,"comment_status":"closed","ping_status":"closed","template":"elementor_header_footer","meta":{"footnotes":""},"class_list":["post-6257","page","type-page","status-publish","has-post-thumbnail","hentry"],"yoast_head":"<!-- This site is optimized with the Yoast SEO plugin v20.13 - https:\/\/yoast.com\/wordpress\/plugins\/seo\/ -->\n<title>Pet Cleaning Products - S\u0130TRETT MX EN<\/title>\n<meta name=\"description\" content=\"Evcil Hayvan Temizlik \u00dcr\u00fcnleri S\u0130TRETT MX kalitesiyle \u00fcretildi ve do\u011fa dostudur.\" \/>\n<meta name=\"robots\" content=\"index, follow, max-snippet:-1, max-image-preview:large, max-video-preview:-1\" \/>\n<link rel=\"canonical\" href=\"https:\/\/www.sitrett.com\/en\/pet-cleaning-products\/\" \/>\n<meta property=\"og:locale\" content=\"tr_TR\" \/>\n<meta property=\"og:type\" content=\"article\" \/>\n<meta property=\"og:title\" content=\"Pet Cleaning Products - S\u0130TRETT MX EN\" \/>\n<meta property=\"og:description\" content=\"Evcil Hayvan Temizlik \u00dcr\u00fcnleri S\u0130TRETT MX kalitesiyle \u00fcretildi ve do\u011fa dostudur.\" \/>\n<meta property=\"og:url\" content=\"https:\/\/www.sitrett.com\/en\/pet-cleaning-products\/\" \/>\n<meta property=\"og:site_name\" content=\"S\u0130TRETT MX EN\" \/>\n<meta property=\"article:modified_time\" content=\"2023-07-04T08:56:22+00:00\" \/>\n<meta property=\"og:image\" content=\"https:\/\/www.sitrett.com\/en\/wp-content\/uploads\/2023\/05\/evcil-hayvan-kir-koku-giderici-kucuk-4.jpg\" \/>\n\t<meta property=\"og:image:width\" content=\"400\" \/>\n\t<meta property=\"og:image:height\" content=\"300\" \/>\n\t<meta property=\"og:image:type\" content=\"image\/jpeg\" \/>\n<meta name=\"twitter:card\" content=\"summary_large_image\" \/>\n<meta name=\"twitter:label1\" content=\"Tahmini okuma s\u00fcresi\" \/>\n\t<meta name=\"twitter:data1\" content=\"1 dakika\" \/>\n<script type=\"application\/ld+json\" class=\"yoast-schema-graph\">{\"@context\":\"https:\/\/schema.org\",\"@graph\":[{\"@type\":\"WebPage\",\"@id\":\"https:\/\/www.sitrett.com\/en\/pet-cleaning-products\/\",\"url\":\"https:\/\/www.sitrett.com\/en\/pet-cleaning-products\/\",\"name\":\"Pet Cleaning Products - S\u0130TRETT MX EN\",\"isPartOf\":{\"@id\":\"https:\/\/www.sitrett.com\/en\/#website\"},\"datePublished\":\"2023-05-18T11:50:12+00:00\",\"dateModified\":\"2023-07-04T08:56:22+00:00\",\"description\":\"Evcil Hayvan Temizlik \u00dcr\u00fcnleri S\u0130TRETT MX kalitesiyle \u00fcretildi ve do\u011fa dostudur.\",\"breadcrumb\":{\"@id\":\"https:\/\/www.sitrett.com\/en\/pet-cleaning-products\/#breadcrumb\"},\"inLanguage\":\"tr\",\"potentialAction\":[{\"@type\":\"ReadAction\",\"target\":[\"https:\/\/www.sitrett.com\/en\/pet-cleaning-products\/\"]}]},{\"@type\":\"BreadcrumbList\",\"@id\":\"https:\/\/www.sitrett.com\/en\/pet-cleaning-products\/#breadcrumb\",\"itemListElement\":[{\"@type\":\"ListItem\",\"position\":1,\"name\":\"Anasayfa\",\"item\":\"https:\/\/www.sitrett.com\/en\/\"},{\"@type\":\"ListItem\",\"position\":2,\"name\":\"Pet Cleaning Products\"}]},{\"@type\":\"WebSite\",\"@id\":\"https:\/\/www.sitrett.com\/en\/#website\",\"url\":\"https:\/\/www.sitrett.com\/en\/\",\"name\":\"S\u0130TRETT MX EN\",\"description\":\"\",\"publisher\":{\"@id\":\"https:\/\/www.sitrett.com\/en\/#organization\"},\"potentialAction\":[{\"@type\":\"SearchAction\",\"target\":{\"@type\":\"EntryPoint\",\"urlTemplate\":\"https:\/\/www.sitrett.com\/en\/?s={search_term_string}\"},\"query-input\":\"required name=search_term_string\"}],\"inLanguage\":\"tr\"},{\"@type\":\"Organization\",\"@id\":\"https:\/\/www.sitrett.com\/en\/#organization\",\"name\":\"S\u0130TRETT MX EN\",\"url\":\"https:\/\/www.sitrett.com\/en\/\",\"logo\":{\"@type\":\"ImageObject\",\"inLanguage\":\"tr\",\"@id\":\"https:\/\/www.sitrett.com\/en\/#\/schema\/logo\/image\/\",\"url\":\"https:\/\/www.sitrett.com\/en\/wp-content\/uploads\/2018\/07\/sitrett-logo5.png\",\"contentUrl\":\"https:\/\/www.sitrett.com\/en\/wp-content\/uploads\/2018\/07\/sitrett-logo5.png\",\"width\":506,\"height\":237,\"caption\":\"S\u0130TRETT MX EN\"},\"image\":{\"@id\":\"https:\/\/www.sitrett.com\/en\/#\/schema\/logo\/image\/\"}}]}<\/script>\n<!-- \/ Yoast SEO plugin. -->","yoast_head_json":{"title":"Pet Cleaning Products - S\u0130TRETT MX EN","description":"Evcil Hayvan Temizlik \u00dcr\u00fcnleri S\u0130TRETT MX kalitesiyle \u00fcretildi ve do\u011fa dostudur.","robots":{"index":"index","follow":"follow","max-snippet":"max-snippet:-1","max-image-preview":"max-image-preview:large","max-video-preview":"max-video-preview:-1"},"canonical":"https:\/\/www.sitrett.com\/en\/pet-cleaning-products\/","og_locale":"tr_TR","og_type":"article","og_title":"Pet Cleaning Products - S\u0130TRETT MX EN","og_description":"Evcil Hayvan Temizlik \u00dcr\u00fcnleri S\u0130TRETT MX kalitesiyle \u00fcretildi ve do\u011fa dostudur.","og_url":"https:\/\/www.sitrett.com\/en\/pet-cleaning-products\/","og_site_name":"S\u0130TRETT MX EN","article_modified_time":"2023-07-04T08:56:22+00:00","og_image":[{"width":400,"height":300,"url":"https:\/\/www.sitrett.com\/en\/wp-content\/uploads\/2023\/05\/evcil-hayvan-kir-koku-giderici-kucuk-4.jpg","type":"image\/jpeg"}],"twitter_card":"summary_large_image","twitter_misc":{"Tahmini okuma s\u00fcresi":"1 dakika"},"schema":{"@context":"https:\/\/schema.org","@graph":[{"@type":"WebPage","@id":"https:\/\/www.sitrett.com\/en\/pet-cleaning-products\/","url":"https:\/\/www.sitrett.com\/en\/pet-cleaning-products\/","name":"Pet Cleaning Products - S\u0130TRETT MX EN","isPartOf":{"@id":"https:\/\/www.sitrett.com\/en\/#website"},"datePublished":"2023-05-18T11:50:12+00:00","dateModified":"2023-07-04T08:56:22+00:00","description":"Evcil Hayvan Temizlik \u00dcr\u00fcnleri S\u0130TRETT MX kalitesiyle \u00fcretildi ve do\u011fa dostudur.","breadcrumb":{"@id":"https:\/\/www.sitrett.com\/en\/pet-cleaning-products\/#breadcrumb"},"inLanguage":"tr","potentialAction":[{"@type":"ReadAction","target":["https:\/\/www.sitrett.com\/en\/pet-cleaning-products\/"]}]},{"@type":"BreadcrumbList","@id":"https:\/\/www.sitrett.com\/en\/pet-cleaning-products\/#breadcrumb","itemListElement":[{"@type":"ListItem","position":1,"name":"Anasayfa","item":"https:\/\/www.sitrett.com\/en\/"},{"@type":"ListItem","position":2,"name":"Pet Cleaning Products"}]},{"@type":"WebSite","@id":"https:\/\/www.sitrett.com\/en\/#website","url":"https:\/\/www.sitrett.com\/en\/","name":"S\u0130TRETT MX EN","description":"","publisher":{"@id":"https:\/\/www.sitrett.com\/en\/#organization"},"potentialAction":[{"@type":"SearchAction","target":{"@type":"EntryPoint","urlTemplate":"https:\/\/www.sitrett.com\/en\/?s={search_term_string}"},"query-input":"required name=search_term_string"}],"inLanguage":"tr"},{"@type":"Organization","@id":"https:\/\/www.sitrett.com\/en\/#organization","name":"S\u0130TRETT MX EN","url":"https:\/\/www.sitrett.com\/en\/","logo":{"@type":"ImageObject","inLanguage":"tr","@id":"https:\/\/www.sitrett.com\/en\/#\/schema\/logo\/image\/","url":"https:\/\/www.sitrett.com\/en\/wp-content\/uploads\/2018\/07\/sitrett-logo5.png","contentUrl":"https:\/\/www.sitrett.com\/en\/wp-content\/uploads\/2018\/07\/sitrett-logo5.png","width":506,"height":237,"caption":"S\u0130TRETT MX EN"},"image":{"@id":"https:\/\/www.sitrett.com\/en\/#\/schema\/logo\/image\/"}}]}},"_links":{"self":[{"href":"https:\/\/www.sitrett.com\/en\/wp-json\/wp\/v2\/pages\/6257","targetHints":{"allow":["GET"]}}],"collection":[{"href":"https:\/\/www.sitrett.com\/en\/wp-json\/wp\/v2\/pages"}],"about":[{"href":"https:\/\/www.sitrett.com\/en\/wp-json\/wp\/v2\/types\/page"}],"author":[{"embeddable":true,"href":"https:\/\/www.sitrett.com\/en\/wp-json\/wp\/v2\/users\/1"}],"replies":[{"embeddable":true,"href":"https:\/\/www.sitrett.com\/en\/wp-json\/wp\/v2\/comments?post=6257"}],"version-history":[{"count":18,"href":"https:\/\/www.sitrett.com\/en\/wp-json\/wp\/v2\/pages\/6257\/revisions"}],"predecessor-version":[{"id":12639,"href":"https:\/\/www.sitrett.com\/en\/wp-json\/wp\/v2\/pages\/6257\/revisions\/12639"}],"wp:featuredmedia":[{"embeddable":true,"href":"https:\/\/www.sitrett.com\/en\/wp-json\/wp\/v2\/media\/8387"}],"wp:attachment":[{"href":"https:\/\/www.sitrett.com\/en\/wp-json\/wp\/v2\/media?parent=6257"}],"curies":[{"name":"wp","href":"https:\/\/api.w.org\/{rel}","templated":true}]}}