{"id":7214,"date":"2023-05-23T17:57:20","date_gmt":"2023-05-23T17:57:20","guid":{"rendered":"https:\/\/www.sitrett.com\/?page_id=7214"},"modified":"2023-07-04T08:03:59","modified_gmt":"2023-07-04T08:03:59","slug":"hardware-cleaning-products-2","status":"publish","type":"page","link":"https:\/\/www.sitrett.com\/en\/hardware-cleaning-products-2\/","title":{"rendered":"Hardware Cleaning Products"},"content":{"rendered":"\t\t<div data-elementor-type=\"wp-page\" data-elementor-id=\"7214\" class=\"elementor elementor-7214\">\n\t\t\t\t\t\t\t\t\t<section class=\"has_ma_el_bg_slider elementor-section elementor-top-section elementor-element elementor-element-790ff93 elementor-section-full_width elementor-section-height-default elementor-section-height-default jltma-glass-effect-no wpr-particle-no wpr-jarallax-no wpr-parallax-no wpr-sticky-section-no\" data-id=\"790ff93\" data-element_type=\"section\">\n\t\t\t\t\t\t<div class=\"elementor-container elementor-column-gap-default\">\n\t\t\t\t\t<div class=\"has_ma_el_bg_slider elementor-column elementor-col-100 elementor-top-column elementor-element elementor-element-f0c1b51 jltma-glass-effect-no\" data-id=\"f0c1b51\" data-element_type=\"column\">\n\t\t\t<div class=\"elementor-widget-wrap elementor-element-populated\">\n\t\t\t\t\t\t\t\t<div class=\"elementor-element elementor-element-1a31e72 jltma-glass-effect-no elementor-widget elementor-widget-heading\" data-id=\"1a31e72\" data-element_type=\"widget\" data-widget_type=\"heading.default\">\n\t\t\t\t<div class=\"elementor-widget-container\">\n\t\t\t<style>\/*! elementor - v3.15.0 - 09-08-2023 *\/\n.elementor-heading-title{padding:0;margin:0;line-height:1}.elementor-widget-heading .elementor-heading-title[class*=elementor-size-]>a{color:inherit;font-size:inherit;line-height:inherit}.elementor-widget-heading .elementor-heading-title.elementor-size-small{font-size:15px}.elementor-widget-heading .elementor-heading-title.elementor-size-medium{font-size:19px}.elementor-widget-heading .elementor-heading-title.elementor-size-large{font-size:29px}.elementor-widget-heading .elementor-heading-title.elementor-size-xl{font-size:39px}.elementor-widget-heading .elementor-heading-title.elementor-size-xxl{font-size:59px}<\/style><h1 class=\"elementor-heading-title elementor-size-default\">HARDWARE CLEANING PRODUCTS<\/h1>\t\t<\/div>\n\t\t\t\t<\/div>\n\t\t\t\t<section class=\"has_ma_el_bg_slider elementor-section elementor-inner-section elementor-element elementor-element-68fc710 elementor-section-boxed elementor-section-height-default elementor-section-height-default jltma-glass-effect-no wpr-particle-no wpr-jarallax-no wpr-parallax-no wpr-sticky-section-no\" data-id=\"68fc710\" data-element_type=\"section\">\n\t\t\t\t\t\t<div class=\"elementor-container elementor-column-gap-default\">\n\t\t\t\t\t<div class=\"has_ma_el_bg_slider elementor-column elementor-col-33 elementor-inner-column elementor-element elementor-element-e3ad4f2 jltma-glass-effect-no\" data-id=\"e3ad4f2\" data-element_type=\"column\">\n\t\t\t<div class=\"elementor-widget-wrap elementor-element-populated\">\n\t\t\t\t\t\t\t\t<div class=\"elementor-element elementor-element-6c5d09c wpr-promo-box-style-cover jltma-glass-effect-no elementor-widget elementor-widget-wpr-promo-box\" data-id=\"6c5d09c\" data-element_type=\"widget\" data-widget_type=\"wpr-promo-box.default\">\n\t\t\t\t<div class=\"elementor-widget-container\">\n\t\t\t\n\t\t<div class=\"wpr-promo-box wpr-animation-wrap\">\n\n\t\t\t\t\t\t<a class=\"wpr-promo-box-link\" href=\"https:\/\/www.sitrett.com\/en\/cnc-machine-oil-cleaner\/\"><\/a>\t\n\t\t\t\t\t\t\t\n\t\t\t\t\t\t\t<div class=\"wpr-promo-box-image\">\n\t\t\t\t\t<div class=\"wpr-promo-box-bg-image wpr-bg-anim-zoom-in wpr-anim-timing-ease-default\" style=\"background-image:url(https:\/\/www.sitrett.com\/en\/wp-content\/uploads\/2023\/06\/cnc-makina-yag-kategori.jpg);\"><\/div>\n\t\t\t\t\t<div class=\"wpr-promo-box-bg-overlay wpr-border-anim-oscar\"><\/div>\n\t\t\t\t<\/div>\n\t\t\t\t\t\t\n\t\t\t<div class=\"wpr-promo-box-content\">\n\n\t\t\t\t\t\t\t\t<div class=\"wpr-promo-box-icon\">\n\t\t\t\t\t\t\t\t\t<\/div>\n\t\t\t\t\n\t\t\t\t\n\t\t\t\t\n\t\t\t\t\t\t\t<\/div>\n\n\t\t\t\t\t<\/div>\n\n\t\t\t\t<\/div>\n\t\t\t\t<\/div>\n\t\t\t\t<div class=\"elementor-element elementor-element-6f8671c jltma-glass-effect-no elementor-widget elementor-widget-icon-box\" data-id=\"6f8671c\" data-element_type=\"widget\" data-widget_type=\"icon-box.default\">\n\t\t\t\t<div class=\"elementor-widget-container\">\n\t\t\t<link rel=\"stylesheet\" href=\"https:\/\/www.sitrett.com\/en\/wp-content\/plugins\/elementor\/assets\/css\/widget-icon-box.min.css\">\t\t<div class=\"elementor-icon-box-wrapper\">\n\t\t\t\t\t\t<div class=\"elementor-icon-box-content\">\n\t\t\t\t<h2 class=\"elementor-icon-box-title\">\n\t\t\t\t\t<span  >\n\t\t\t\t\t\tCNC & Machine & Oil Cleaner\t\t\t\t\t<\/span>\n\t\t\t\t<\/h2>\n\t\t\t\t\t\t\t<\/div>\n\t\t<\/div>\n\t\t\t\t<\/div>\n\t\t\t\t<\/div>\n\t\t\t\t<div class=\"elementor-element elementor-element-ad770b5 jltma-glass-effect-no elementor-widget elementor-widget-ma-creative-buttons\" data-id=\"ad770b5\" data-element_type=\"widget\" data-widget_type=\"ma-creative-buttons.default\">\n\t\t\t\t<div class=\"elementor-widget-container\">\n\t\t\t\n\t\t<div class=\"jltma-creative-button-wrapper\">\n\t\t\t<a class=\"jltma-button jltma-creative-button jltma-creative-button--tamaya\" href=\"https:\/\/www.sitrett.com\/en\/cnc-machine-oil-cleaner\/\" data-text=\"View Product Details\">\n\t\t\t\t<span>\n\t\t\t\t\t<i aria-hidden=\"true\" class=\"jltma-creative-button-icon-left fas fa-external-link-alt\"><\/i>View Product Details\t\t\t\t<\/span>\n\t\t\t<\/a>\n\t\t<\/div>\n\n\t\t<\/div>\n\t\t\t\t<\/div>\n\t\t\t\t\t<\/div>\n\t\t<\/div>\n\t\t\t\t<div class=\"has_ma_el_bg_slider elementor-column elementor-col-33 elementor-inner-column elementor-element elementor-element-69fb4b5 jltma-glass-effect-no\" data-id=\"69fb4b5\" data-element_type=\"column\">\n\t\t\t<div class=\"elementor-widget-wrap elementor-element-populated\">\n\t\t\t\t\t\t\t\t<div class=\"elementor-element elementor-element-a0cbbcc wpr-promo-box-style-cover jltma-glass-effect-no elementor-widget elementor-widget-wpr-promo-box\" data-id=\"a0cbbcc\" data-element_type=\"widget\" data-widget_type=\"wpr-promo-box.default\">\n\t\t\t\t<div class=\"elementor-widget-container\">\n\t\t\t\n\t\t<div class=\"wpr-promo-box wpr-animation-wrap\">\n\n\t\t\t\t\t\t<a class=\"wpr-promo-box-link\" href=\"https:\/\/www.sitrett.com\/en\/radiator-heat-exchanger-alkaline-oil-cleaner\/\"><\/a>\t\n\t\t\t\t\t\t\t\n\t\t\t\t\t\t\t<div class=\"wpr-promo-box-image\">\n\t\t\t\t\t<div class=\"wpr-promo-box-bg-image wpr-bg-anim-zoom-in wpr-anim-timing-ease-default\" style=\"background-image:url(https:\/\/www.sitrett.com\/en\/wp-content\/uploads\/2023\/06\/radyator-kategori.jpg);\"><\/div>\n\t\t\t\t\t<div class=\"wpr-promo-box-bg-overlay wpr-border-anim-oscar\"><\/div>\n\t\t\t\t<\/div>\n\t\t\t\t\t\t\n\t\t\t<div class=\"wpr-promo-box-content\">\n\n\t\t\t\t\t\t\t\t<div class=\"wpr-promo-box-icon\">\n\t\t\t\t\t\t\t\t\t<\/div>\n\t\t\t\t\n\t\t\t\t\n\t\t\t\t\n\t\t\t\t\t\t\t<\/div>\n\n\t\t\t\t\t<\/div>\n\n\t\t\t\t<\/div>\n\t\t\t\t<\/div>\n\t\t\t\t<div class=\"elementor-element elementor-element-4d3aa10 jltma-glass-effect-no elementor-widget elementor-widget-icon-box\" data-id=\"4d3aa10\" data-element_type=\"widget\" data-widget_type=\"icon-box.default\">\n\t\t\t\t<div class=\"elementor-widget-container\">\n\t\t\t\t\t<div class=\"elementor-icon-box-wrapper\">\n\t\t\t\t\t\t<div class=\"elementor-icon-box-content\">\n\t\t\t\t<h2 class=\"elementor-icon-box-title\">\n\t\t\t\t\t<span  >\n\t\t\t\t\t\tRadiator & Heat Exchanger Alkaline Oil Cleaner\t\t\t\t\t<\/span>\n\t\t\t\t<\/h2>\n\t\t\t\t\t\t\t<\/div>\n\t\t<\/div>\n\t\t\t\t<\/div>\n\t\t\t\t<\/div>\n\t\t\t\t<div class=\"elementor-element elementor-element-5860996 jltma-glass-effect-no elementor-widget elementor-widget-ma-creative-buttons\" data-id=\"5860996\" data-element_type=\"widget\" data-widget_type=\"ma-creative-buttons.default\">\n\t\t\t\t<div class=\"elementor-widget-container\">\n\t\t\t\n\t\t<div class=\"jltma-creative-button-wrapper\">\n\t\t\t<a class=\"jltma-button jltma-creative-button jltma-creative-button--tamaya\" href=\"https:\/\/www.sitrett.com\/en\/radiator-heat-exchanger-alkaline-oil-cleaner\/\" data-text=\"View Product Details\">\n\t\t\t\t<span>\n\t\t\t\t\t<i aria-hidden=\"true\" class=\"jltma-creative-button-icon-left fas fa-external-link-alt\"><\/i>View Product Details\t\t\t\t<\/span>\n\t\t\t<\/a>\n\t\t<\/div>\n\n\t\t<\/div>\n\t\t\t\t<\/div>\n\t\t\t\t\t<\/div>\n\t\t<\/div>\n\t\t\t\t<div class=\"has_ma_el_bg_slider elementor-column elementor-col-33 elementor-inner-column elementor-element elementor-element-da71979 jltma-glass-effect-no\" data-id=\"da71979\" data-element_type=\"column\">\n\t\t\t<div class=\"elementor-widget-wrap elementor-element-populated\">\n\t\t\t\t\t\t\t\t<div class=\"elementor-element elementor-element-f4a758e wpr-promo-box-style-cover jltma-glass-effect-no elementor-widget elementor-widget-wpr-promo-box\" data-id=\"f4a758e\" data-element_type=\"widget\" data-widget_type=\"wpr-promo-box.default\">\n\t\t\t\t<div class=\"elementor-widget-container\">\n\t\t\t\n\t\t<div class=\"wpr-promo-box wpr-animation-wrap\">\n\n\t\t\t\t\t\t<a class=\"wpr-promo-box-link\" href=\"https:\/\/www.sitrett.com\/en\/radiator-heat-exchanger-lime-stone-cleaner\/\"><\/a>\t\n\t\t\t\t\t\t\t\n\t\t\t\t\t\t\t<div class=\"wpr-promo-box-image\">\n\t\t\t\t\t<div class=\"wpr-promo-box-bg-image wpr-bg-anim-zoom-in wpr-anim-timing-ease-default\" style=\"background-image:url(https:\/\/www.sitrett.com\/en\/wp-content\/uploads\/2023\/06\/radyator-kirec-kategori.jpg);\"><\/div>\n\t\t\t\t\t<div class=\"wpr-promo-box-bg-overlay wpr-border-anim-oscar\"><\/div>\n\t\t\t\t<\/div>\n\t\t\t\t\t\t\n\t\t\t<div class=\"wpr-promo-box-content\">\n\n\t\t\t\t\t\t\t\t<div class=\"wpr-promo-box-icon\">\n\t\t\t\t\t\t\t\t\t<\/div>\n\t\t\t\t\n\t\t\t\t\n\t\t\t\t\n\t\t\t\t\t\t\t<\/div>\n\n\t\t\t\t\t<\/div>\n\n\t\t\t\t<\/div>\n\t\t\t\t<\/div>\n\t\t\t\t<div class=\"elementor-element elementor-element-2d4a080 jltma-glass-effect-no elementor-widget elementor-widget-icon-box\" data-id=\"2d4a080\" data-element_type=\"widget\" data-widget_type=\"icon-box.default\">\n\t\t\t\t<div class=\"elementor-widget-container\">\n\t\t\t\t\t<div class=\"elementor-icon-box-wrapper\">\n\t\t\t\t\t\t<div class=\"elementor-icon-box-content\">\n\t\t\t\t<h2 class=\"elementor-icon-box-title\">\n\t\t\t\t\t<span  >\n\t\t\t\t\t\tRadiator & Heat Exchanger Lime & Stone Cleaner\t\t\t\t\t<\/span>\n\t\t\t\t<\/h2>\n\t\t\t\t\t\t\t<\/div>\n\t\t<\/div>\n\t\t\t\t<\/div>\n\t\t\t\t<\/div>\n\t\t\t\t<div class=\"elementor-element elementor-element-2340fff jltma-glass-effect-no elementor-widget elementor-widget-ma-creative-buttons\" data-id=\"2340fff\" data-element_type=\"widget\" data-widget_type=\"ma-creative-buttons.default\">\n\t\t\t\t<div class=\"elementor-widget-container\">\n\t\t\t\n\t\t<div class=\"jltma-creative-button-wrapper\">\n\t\t\t<a class=\"jltma-button jltma-creative-button jltma-creative-button--tamaya\" href=\"https:\/\/www.sitrett.com\/en\/radiator-heat-exchanger-lime-stone-cleaner\/\" data-text=\"View Product Details\">\n\t\t\t\t<span>\n\t\t\t\t\t<i aria-hidden=\"true\" class=\"jltma-creative-button-icon-left fas fa-external-link-alt\"><\/i>View Product Details\t\t\t\t<\/span>\n\t\t\t<\/a>\n\t\t<\/div>\n\n\t\t<\/div>\n\t\t\t\t<\/div>\n\t\t\t\t\t<\/div>\n\t\t<\/div>\n\t\t\t\t\t\t\t<\/div>\n\t\t<\/section>\n\t\t\t\t<section class=\"has_ma_el_bg_slider elementor-section elementor-inner-section elementor-element elementor-element-b5855ff elementor-section-boxed elementor-section-height-default elementor-section-height-default jltma-glass-effect-no wpr-particle-no wpr-jarallax-no wpr-parallax-no wpr-sticky-section-no\" data-id=\"b5855ff\" data-element_type=\"section\">\n\t\t\t\t\t\t<div class=\"elementor-container elementor-column-gap-default\">\n\t\t\t\t\t<div class=\"has_ma_el_bg_slider elementor-column elementor-col-33 elementor-inner-column elementor-element elementor-element-68028ae jltma-glass-effect-no\" data-id=\"68028ae\" data-element_type=\"column\">\n\t\t\t<div class=\"elementor-widget-wrap elementor-element-populated\">\n\t\t\t\t\t\t\t\t<div class=\"elementor-element elementor-element-b77161c wpr-promo-box-style-cover jltma-glass-effect-no elementor-widget elementor-widget-wpr-promo-box\" data-id=\"b77161c\" data-element_type=\"widget\" data-widget_type=\"wpr-promo-box.default\">\n\t\t\t\t<div class=\"elementor-widget-container\">\n\t\t\t\n\t\t<div class=\"wpr-promo-box wpr-animation-wrap\">\n\n\t\t\t\t\t\t<a class=\"wpr-promo-box-link\" href=\"https:\/\/www.sitrett.com\/en\/ultrasonic-degreasing-solution\/\"><\/a>\t\n\t\t\t\t\t\t\t\n\t\t\t\t\t\t\t<div class=\"wpr-promo-box-image\">\n\t\t\t\t\t<div class=\"wpr-promo-box-bg-image wpr-bg-anim-zoom-in wpr-anim-timing-ease-default\" style=\"background-image:url(https:\/\/www.sitrett.com\/en\/wp-content\/uploads\/2023\/06\/ultrasonik-yag-kategori.jpg);\"><\/div>\n\t\t\t\t\t<div class=\"wpr-promo-box-bg-overlay wpr-border-anim-oscar\"><\/div>\n\t\t\t\t<\/div>\n\t\t\t\t\t\t\n\t\t\t<div class=\"wpr-promo-box-content\">\n\n\t\t\t\t\t\t\t\t<div class=\"wpr-promo-box-icon\">\n\t\t\t\t\t\t\t\t\t<\/div>\n\t\t\t\t\n\t\t\t\t\n\t\t\t\t\n\t\t\t\t\t\t\t<\/div>\n\n\t\t\t\t\t<\/div>\n\n\t\t\t\t<\/div>\n\t\t\t\t<\/div>\n\t\t\t\t<div class=\"elementor-element elementor-element-08b166f jltma-glass-effect-no elementor-widget elementor-widget-icon-box\" data-id=\"08b166f\" data-element_type=\"widget\" data-widget_type=\"icon-box.default\">\n\t\t\t\t<div class=\"elementor-widget-container\">\n\t\t\t\t\t<div class=\"elementor-icon-box-wrapper\">\n\t\t\t\t\t\t<div class=\"elementor-icon-box-content\">\n\t\t\t\t<h2 class=\"elementor-icon-box-title\">\n\t\t\t\t\t<span  >\n\t\t\t\t\t\tUltrasonic Degreasing Solution\t\t\t\t\t<\/span>\n\t\t\t\t<\/h2>\n\t\t\t\t\t\t\t<\/div>\n\t\t<\/div>\n\t\t\t\t<\/div>\n\t\t\t\t<\/div>\n\t\t\t\t<div class=\"elementor-element elementor-element-59994dc jltma-glass-effect-no elementor-widget elementor-widget-ma-creative-buttons\" data-id=\"59994dc\" data-element_type=\"widget\" data-widget_type=\"ma-creative-buttons.default\">\n\t\t\t\t<div class=\"elementor-widget-container\">\n\t\t\t\n\t\t<div class=\"jltma-creative-button-wrapper\">\n\t\t\t<a class=\"jltma-button jltma-creative-button jltma-creative-button--tamaya\" href=\"https:\/\/www.sitrett.com\/en\/ultrasonic-degreasing-solution\/\" data-text=\"View Product Details\">\n\t\t\t\t<span>\n\t\t\t\t\t<i aria-hidden=\"true\" class=\"jltma-creative-button-icon-left fas fa-external-link-alt\"><\/i>View Product Details\t\t\t\t<\/span>\n\t\t\t<\/a>\n\t\t<\/div>\n\n\t\t<\/div>\n\t\t\t\t<\/div>\n\t\t\t\t\t<\/div>\n\t\t<\/div>\n\t\t\t\t<div class=\"has_ma_el_bg_slider elementor-column elementor-col-33 elementor-inner-column elementor-element elementor-element-9d650f9 jltma-glass-effect-no\" data-id=\"9d650f9\" data-element_type=\"column\">\n\t\t\t<div class=\"elementor-widget-wrap\">\n\t\t\t\t\t\t\t\t\t<\/div>\n\t\t<\/div>\n\t\t\t\t<div class=\"has_ma_el_bg_slider elementor-column elementor-col-33 elementor-inner-column elementor-element elementor-element-f5b7a24 jltma-glass-effect-no\" data-id=\"f5b7a24\" data-element_type=\"column\">\n\t\t\t<div class=\"elementor-widget-wrap\">\n\t\t\t\t\t\t\t\t\t<\/div>\n\t\t<\/div>\n\t\t\t\t\t\t\t<\/div>\n\t\t<\/section>\n\t\t\t\t\t<\/div>\n\t\t<\/div>\n\t\t\t\t\t\t\t<\/div>\n\t\t<\/section>\n\t\t\t\t\t\t\t<\/div>\n\t\t","protected":false},"excerpt":{"rendered":"<p>HARDWARE CLEANING PRODUCTS CNC &#038; Machine &#038; Oil Cleaner View Product Details Radiator &#038; Heat Exchanger Alkaline Oil Cleaner View Product Details Radiator &#038; Heat Exchanger Lime &#038; Stone Cleaner View Product Details Ultrasonic Degreasing Solution View Product Details<\/p>\n","protected":false},"author":1,"featured_media":12039,"parent":0,"menu_order":0,"comment_status":"closed","ping_status":"closed","template":"elementor_header_footer","meta":{"footnotes":""},"class_list":["post-7214","page","type-page","status-publish","has-post-thumbnail","hentry"],"yoast_head":"<!-- This site is optimized with the Yoast SEO plugin v20.13 - https:\/\/yoast.com\/wordpress\/plugins\/seo\/ -->\n<title>Hardware Cleaning Products - S\u0130TRETT MX EN<\/title>\n<meta name=\"description\" content=\"H\u0131rdavat Temizlik \u00dcr\u00fcnleri CNC Makine Ya\u011f Temizleyici, Radyat\u00f6r E\u015fanj\u00f6r Kire\u00e7 ve Ta\u015f Temizleyici, Radyat\u00f6r E\u015fanj\u00f6r Alkali Ya\u011f Temizleyici, Ultrasonik Ya\u011f Alma Sol\u00fcsyonu\" \/>\n<meta name=\"robots\" content=\"index, follow, max-snippet:-1, max-image-preview:large, max-video-preview:-1\" \/>\n<link rel=\"canonical\" href=\"https:\/\/www.sitrett.com\/en\/hardware-cleaning-products-2\/\" \/>\n<meta property=\"og:locale\" content=\"tr_TR\" \/>\n<meta property=\"og:type\" content=\"article\" \/>\n<meta property=\"og:title\" content=\"Hardware Cleaning Products - S\u0130TRETT MX EN\" \/>\n<meta property=\"og:description\" content=\"H\u0131rdavat Temizlik \u00dcr\u00fcnleri CNC Makine Ya\u011f Temizleyici, Radyat\u00f6r E\u015fanj\u00f6r Kire\u00e7 ve Ta\u015f Temizleyici, Radyat\u00f6r E\u015fanj\u00f6r Alkali Ya\u011f Temizleyici, Ultrasonik Ya\u011f Alma Sol\u00fcsyonu\" \/>\n<meta property=\"og:url\" content=\"https:\/\/www.sitrett.com\/en\/hardware-cleaning-products-2\/\" \/>\n<meta property=\"og:site_name\" content=\"S\u0130TRETT MX EN\" \/>\n<meta property=\"article:modified_time\" content=\"2023-07-04T08:03:59+00:00\" \/>\n<meta property=\"og:image\" content=\"https:\/\/www.sitrett.com\/en\/wp-content\/uploads\/2023\/06\/cnc-yag-temizleyici-30kg.png\" \/>\n\t<meta property=\"og:image:width\" content=\"400\" \/>\n\t<meta property=\"og:image:height\" content=\"400\" \/>\n\t<meta property=\"og:image:type\" content=\"image\/png\" \/>\n<meta name=\"twitter:card\" content=\"summary_large_image\" \/>\n<meta name=\"twitter:label1\" content=\"Tahmini okuma s\u00fcresi\" \/>\n\t<meta name=\"twitter:data1\" content=\"1 dakika\" \/>\n<script type=\"application\/ld+json\" class=\"yoast-schema-graph\">{\"@context\":\"https:\/\/schema.org\",\"@graph\":[{\"@type\":\"WebPage\",\"@id\":\"https:\/\/www.sitrett.com\/en\/hardware-cleaning-products-2\/\",\"url\":\"https:\/\/www.sitrett.com\/en\/hardware-cleaning-products-2\/\",\"name\":\"Hardware Cleaning Products - S\u0130TRETT MX EN\",\"isPartOf\":{\"@id\":\"https:\/\/www.sitrett.com\/en\/#website\"},\"datePublished\":\"2023-05-23T17:57:20+00:00\",\"dateModified\":\"2023-07-04T08:03:59+00:00\",\"description\":\"H\u0131rdavat Temizlik \u00dcr\u00fcnleri CNC Makine Ya\u011f Temizleyici, Radyat\u00f6r E\u015fanj\u00f6r Kire\u00e7 ve Ta\u015f Temizleyici, Radyat\u00f6r E\u015fanj\u00f6r Alkali Ya\u011f Temizleyici, Ultrasonik Ya\u011f Alma Sol\u00fcsyonu\",\"breadcrumb\":{\"@id\":\"https:\/\/www.sitrett.com\/en\/hardware-cleaning-products-2\/#breadcrumb\"},\"inLanguage\":\"tr\",\"potentialAction\":[{\"@type\":\"ReadAction\",\"target\":[\"https:\/\/www.sitrett.com\/en\/hardware-cleaning-products-2\/\"]}]},{\"@type\":\"BreadcrumbList\",\"@id\":\"https:\/\/www.sitrett.com\/en\/hardware-cleaning-products-2\/#breadcrumb\",\"itemListElement\":[{\"@type\":\"ListItem\",\"position\":1,\"name\":\"Anasayfa\",\"item\":\"https:\/\/www.sitrett.com\/en\/\"},{\"@type\":\"ListItem\",\"position\":2,\"name\":\"Hardware Cleaning Products\"}]},{\"@type\":\"WebSite\",\"@id\":\"https:\/\/www.sitrett.com\/en\/#website\",\"url\":\"https:\/\/www.sitrett.com\/en\/\",\"name\":\"S\u0130TRETT MX EN\",\"description\":\"\",\"publisher\":{\"@id\":\"https:\/\/www.sitrett.com\/en\/#organization\"},\"potentialAction\":[{\"@type\":\"SearchAction\",\"target\":{\"@type\":\"EntryPoint\",\"urlTemplate\":\"https:\/\/www.sitrett.com\/en\/?s={search_term_string}\"},\"query-input\":\"required name=search_term_string\"}],\"inLanguage\":\"tr\"},{\"@type\":\"Organization\",\"@id\":\"https:\/\/www.sitrett.com\/en\/#organization\",\"name\":\"S\u0130TRETT MX EN\",\"url\":\"https:\/\/www.sitrett.com\/en\/\",\"logo\":{\"@type\":\"ImageObject\",\"inLanguage\":\"tr\",\"@id\":\"https:\/\/www.sitrett.com\/en\/#\/schema\/logo\/image\/\",\"url\":\"https:\/\/www.sitrett.com\/en\/wp-content\/uploads\/2018\/07\/sitrett-logo5.png\",\"contentUrl\":\"https:\/\/www.sitrett.com\/en\/wp-content\/uploads\/2018\/07\/sitrett-logo5.png\",\"width\":506,\"height\":237,\"caption\":\"S\u0130TRETT MX EN\"},\"image\":{\"@id\":\"https:\/\/www.sitrett.com\/en\/#\/schema\/logo\/image\/\"}}]}<\/script>\n<!-- \/ Yoast SEO plugin. -->","yoast_head_json":{"title":"Hardware Cleaning Products - S\u0130TRETT MX EN","description":"H\u0131rdavat Temizlik \u00dcr\u00fcnleri CNC Makine Ya\u011f Temizleyici, Radyat\u00f6r E\u015fanj\u00f6r Kire\u00e7 ve Ta\u015f Temizleyici, Radyat\u00f6r E\u015fanj\u00f6r Alkali Ya\u011f Temizleyici, Ultrasonik Ya\u011f Alma Sol\u00fcsyonu","robots":{"index":"index","follow":"follow","max-snippet":"max-snippet:-1","max-image-preview":"max-image-preview:large","max-video-preview":"max-video-preview:-1"},"canonical":"https:\/\/www.sitrett.com\/en\/hardware-cleaning-products-2\/","og_locale":"tr_TR","og_type":"article","og_title":"Hardware Cleaning Products - S\u0130TRETT MX EN","og_description":"H\u0131rdavat Temizlik \u00dcr\u00fcnleri CNC Makine Ya\u011f Temizleyici, Radyat\u00f6r E\u015fanj\u00f6r Kire\u00e7 ve Ta\u015f Temizleyici, Radyat\u00f6r E\u015fanj\u00f6r Alkali Ya\u011f Temizleyici, Ultrasonik Ya\u011f Alma Sol\u00fcsyonu","og_url":"https:\/\/www.sitrett.com\/en\/hardware-cleaning-products-2\/","og_site_name":"S\u0130TRETT MX EN","article_modified_time":"2023-07-04T08:03:59+00:00","og_image":[{"width":400,"height":400,"url":"https:\/\/www.sitrett.com\/en\/wp-content\/uploads\/2023\/06\/cnc-yag-temizleyici-30kg.png","type":"image\/png"}],"twitter_card":"summary_large_image","twitter_misc":{"Tahmini okuma s\u00fcresi":"1 dakika"},"schema":{"@context":"https:\/\/schema.org","@graph":[{"@type":"WebPage","@id":"https:\/\/www.sitrett.com\/en\/hardware-cleaning-products-2\/","url":"https:\/\/www.sitrett.com\/en\/hardware-cleaning-products-2\/","name":"Hardware Cleaning Products - S\u0130TRETT MX EN","isPartOf":{"@id":"https:\/\/www.sitrett.com\/en\/#website"},"datePublished":"2023-05-23T17:57:20+00:00","dateModified":"2023-07-04T08:03:59+00:00","description":"H\u0131rdavat Temizlik \u00dcr\u00fcnleri CNC Makine Ya\u011f Temizleyici, Radyat\u00f6r E\u015fanj\u00f6r Kire\u00e7 ve Ta\u015f Temizleyici, Radyat\u00f6r E\u015fanj\u00f6r Alkali Ya\u011f Temizleyici, Ultrasonik Ya\u011f Alma Sol\u00fcsyonu","breadcrumb":{"@id":"https:\/\/www.sitrett.com\/en\/hardware-cleaning-products-2\/#breadcrumb"},"inLanguage":"tr","potentialAction":[{"@type":"ReadAction","target":["https:\/\/www.sitrett.com\/en\/hardware-cleaning-products-2\/"]}]},{"@type":"BreadcrumbList","@id":"https:\/\/www.sitrett.com\/en\/hardware-cleaning-products-2\/#breadcrumb","itemListElement":[{"@type":"ListItem","position":1,"name":"Anasayfa","item":"https:\/\/www.sitrett.com\/en\/"},{"@type":"ListItem","position":2,"name":"Hardware Cleaning Products"}]},{"@type":"WebSite","@id":"https:\/\/www.sitrett.com\/en\/#website","url":"https:\/\/www.sitrett.com\/en\/","name":"S\u0130TRETT MX EN","description":"","publisher":{"@id":"https:\/\/www.sitrett.com\/en\/#organization"},"potentialAction":[{"@type":"SearchAction","target":{"@type":"EntryPoint","urlTemplate":"https:\/\/www.sitrett.com\/en\/?s={search_term_string}"},"query-input":"required name=search_term_string"}],"inLanguage":"tr"},{"@type":"Organization","@id":"https:\/\/www.sitrett.com\/en\/#organization","name":"S\u0130TRETT MX EN","url":"https:\/\/www.sitrett.com\/en\/","logo":{"@type":"ImageObject","inLanguage":"tr","@id":"https:\/\/www.sitrett.com\/en\/#\/schema\/logo\/image\/","url":"https:\/\/www.sitrett.com\/en\/wp-content\/uploads\/2018\/07\/sitrett-logo5.png","contentUrl":"https:\/\/www.sitrett.com\/en\/wp-content\/uploads\/2018\/07\/sitrett-logo5.png","width":506,"height":237,"caption":"S\u0130TRETT MX EN"},"image":{"@id":"https:\/\/www.sitrett.com\/en\/#\/schema\/logo\/image\/"}}]}},"_links":{"self":[{"href":"https:\/\/www.sitrett.com\/en\/wp-json\/wp\/v2\/pages\/7214","targetHints":{"allow":["GET"]}}],"collection":[{"href":"https:\/\/www.sitrett.com\/en\/wp-json\/wp\/v2\/pages"}],"about":[{"href":"https:\/\/www.sitrett.com\/en\/wp-json\/wp\/v2\/types\/page"}],"author":[{"embeddable":true,"href":"https:\/\/www.sitrett.com\/en\/wp-json\/wp\/v2\/users\/1"}],"replies":[{"embeddable":true,"href":"https:\/\/www.sitrett.com\/en\/wp-json\/wp\/v2\/comments?post=7214"}],"version-history":[{"count":21,"href":"https:\/\/www.sitrett.com\/en\/wp-json\/wp\/v2\/pages\/7214\/revisions"}],"predecessor-version":[{"id":12619,"href":"https:\/\/www.sitrett.com\/en\/wp-json\/wp\/v2\/pages\/7214\/revisions\/12619"}],"wp:featuredmedia":[{"embeddable":true,"href":"https:\/\/www.sitrett.com\/en\/wp-json\/wp\/v2\/media\/12039"}],"wp:attachment":[{"href":"https:\/\/www.sitrett.com\/en\/wp-json\/wp\/v2\/media?parent=7214"}],"curies":[{"name":"wp","href":"https:\/\/api.w.org\/{rel}","templated":true}]}}